{"id":3373,"date":"2025-04-16T17:40:08","date_gmt":"2025-04-16T15:40:08","guid":{"rendered":"https:\/\/preprod.lesaubergisteslyonnais.customr.fr\/informazioni-legali\/"},"modified":"2025-06-06T13:52:16","modified_gmt":"2025-06-06T11:52:16","slug":"informazioni-legali","status":"publish","type":"page","link":"https:\/\/preprod.lesaubergisteslyonnais.customr.fr\/it\/punteggio-pieno\/","title":{"rendered":"Informazioni legali"},"content":{"rendered":"\n<section class=\"heading wp-elements-be7607b0dac5a7e8d8bbd74e9f618a48 wp-elements-be7607b0dac5a7e8d8bbd74e9f618a48 wp-block-acf-heading has-text-color has-primary-color has-background has-white-100-background-color\">\n\t<div class=\"heading__container\">\n\t\t\t\t\t<div class=\"heading__background-picture\">\n\t\t\t\t<img decoding=\"async\" width=\"1920\" height=\"1280\" src=\"https:\/\/preprod.lesaubergisteslyonnais.customr.fr\/wp-content\/uploads\/2025\/03\/meilleur-hotel-de-lyon-centre.jpg\" class=\"attachment-full size-full\" alt=\"\" fetchpriority=\"high\" srcset=\"https:\/\/preprod.lesaubergisteslyonnais.customr.fr\/wp-content\/uploads\/2025\/03\/meilleur-hotel-de-lyon-centre.jpg 1920w, https:\/\/preprod.lesaubergisteslyonnais.customr.fr\/wp-content\/uploads\/2025\/03\/meilleur-hotel-de-lyon-centre-300x200.jpg 300w, https:\/\/preprod.lesaubergisteslyonnais.customr.fr\/wp-content\/uploads\/2025\/03\/meilleur-hotel-de-lyon-centre-1024x683.jpg 1024w, https:\/\/preprod.lesaubergisteslyonnais.customr.fr\/wp-content\/uploads\/2025\/03\/meilleur-hotel-de-lyon-centre-768x512.jpg 768w, https:\/\/preprod.lesaubergisteslyonnais.customr.fr\/wp-content\/uploads\/2025\/03\/meilleur-hotel-de-lyon-centre-1536x1024.jpg 1536w\" sizes=\"(max-width: 1920px) 100vw, 1920px\" \/>\t\t\t<\/div>\n\t\t\t\t<div class=\"heading__layout\">\n\t\t\t<div class=\"heading__content-wrapper has-white-100-background-color\">\n\t\t\t\t<div class=\"heading__content has-white-100-background-color\">\n\t\t\t\t\t\t\t\t\t<p id=\"breadcrumbs\"><span><span><a href=\"https:\/\/preprod.lesaubergisteslyonnais.customr.fr\/it\/\">Accueil<\/a><\/span><\/span><\/p>\t\t\t\t\t\t\t\t\t<div class=\"acf-innerblocks-container\">\n\n<div class=\"wp-block-group heading-content-group is-layout-grid wp-container-core-group-is-layout-96b258e4 wp-block-group-is-layout-grid\">\n<h1 class=\"wp-block-heading has-text-align-left heading__title has-primary-color has-text-color has-xx-large-font-size wp-container-content-32a3e683\">Informazioni legali<\/h1>\n<\/div>\n\n<\/div>\n\t\t\t\t<\/div>\n\t\t\t\t\t\t\t\t<div class=\"heading__illustration illustration-with-parallax\">\n\t\t\t\t\t<img decoding=\"async\" width=\"350\" height=\"350\" src=\"https:\/\/preprod.lesaubergisteslyonnais.customr.fr\/wp-content\/uploads\/2025\/04\/ENCRIER.png\" class=\"attachment-full size-full\" alt=\"ENCRIER\" fetchpriority=\"high\" srcset=\"https:\/\/preprod.lesaubergisteslyonnais.customr.fr\/wp-content\/uploads\/2025\/04\/ENCRIER.png 350w, https:\/\/preprod.lesaubergisteslyonnais.customr.fr\/wp-content\/uploads\/2025\/04\/ENCRIER-300x300.png 300w\" sizes=\"(max-width: 350px) 100vw, 350px\" \/>\t\t\t\t<\/div>\n\t\t\t\t\t\t\t<\/div>\n\t\t<\/div>\n\t<\/div>\n<\/section>\n\n\n\t<section\n\t\tstyle=\"padding-top:var(--wp--preset--spacing--theme-default);padding-bottom:var(--wp--preset--spacing--theme-default);\" class=\"block-container align wp-block-acf-block-container has-background has-white-background-color is-layout-flow wp-block-acf-block-container-is-layout-flow\"\t>\n\n\t\n\n<div class=\"wp-block-group has-global-padding is-layout-constrained wp-block-group-is-layout-constrained\">\n<h3 class=\"wp-block-heading has-text-align-left\">1. Informazioni legali<\/h3>\n\n\n\n<p>In conformit\u00e0 alle disposizioni degli articoli 6-III e 19 della legge francese sulla fiducia nell \u201ceconomia digitale, vi informiamo che:<br\/>Questo sito web, il cui nome di dominio \u00e8 globeetcecilhotel.com, \u00e8 stato pubblicato da Agence CustomR. SARL, un\u201d agenzia di marketing con sede in Quai Hippolyte Ja\u00ffr 5, 69009 Lione. <\/p>\n\n\n\n<p>Per:<br\/>L&#8217;hotel Globe&amp;Cecil si trova al 21 rue Gasparin 69002 Lione.<br\/>Il direttore della pubblicazione del sito \u00e8 il sig. Lo\u00efc Renart, direttore dell&#8217;hotel Globe&amp;Cecil.<br\/>L&#8217;hotel Globe&amp;Cecil \u00e8 una SASU (societ\u00e0 per azioni semplificata) il cui presidente \u00e8 il sig. Lo\u00efc Renart.<br\/>SIRET: 412 361 107 00011<br\/>Attivit\u00e0: Alberghi e alloggi simili (5510Z)<\/p>\n\n\n\n<p>Numero di dichiarazione CNIL: in corso di aggiornamento (giugno 2021)<\/p>\n\n\n\n<p>Questo sito web \u00e8 ospitato da CustomR.<\/p>\n\n\n\n<h3 class=\"wp-block-heading has-text-align-left\">2. Limitazione di responsabilit\u00e0<\/h3>\n\n\n\n<p>L&#8217;utente riconosce di aver letto le presenti condizioni di utilizzo e si impegna a rispettarle. Gli utenti del sito globeetcecilhotel.com riconoscono di possedere le competenze e le risorse necessarie per accedere e utilizzare questo sito. <\/p>\n\n\n\n<p>Gli utenti del sito globeetcecilhotel.com dichiarano di aver verificato che la configurazione del computer utilizzato non contenga virus e sia perfettamente funzionante. L&#8217;hotel Globe&amp;Cecil, attraverso il suo fornitore di servizi CustomR, fa il possibile per fornire agli utenti informazioni e\/o strumenti disponibili e verificati, ma non pu\u00f2 essere ritenuto responsabile per errori, mancata disponibilit\u00e0 di funzionalit\u00e0 e\/o presenza di virus sul sito.<br\/>Le informazioni fornite dall&#8217;hotel Globe&amp;Cecil sono fornite a titolo informativo e non esonerano l&#8217;utente da analisi aggiuntive e personalizzate. <\/p>\n\n\n\n<h3 class=\"wp-block-heading has-text-align-left\">3. I biscotti<\/h3>\n\n\n\n<p>Questo sito web utilizza i cookie a fini statistici (per analizzare le visite e le interazioni). Non viene fatto nessun altro uso di questi cookie, n\u00e9 per scopi pubblicitari n\u00e9 per rispettare la privacy degli utenti di Internet.<br\/>Navigando su questo sito, si accetta l&#8217;uso dei nostri cookie per ottimizzare le statistiche dei visitatori.<br\/>Si informano gli utenti che quando visitano il sito, un cookie potrebbe essere installato automaticamente sul loro browser. Un cookie \u00e8 un blocco di dati che non consente di identificare gli utenti, ma viene utilizzato per registrare informazioni relative alla loro navigazione sul sito.  <\/p>\n\n\n\n<p>Gli utenti possono impostare il software del proprio browser in modo da essere avvisati della presenza dei cookie e, se necessario, rifiutarli. L&#8217;utente gode di tutti i diritti di cui sopra in relazione ai dati personali comunicati tramite i cookie alle condizioni sopra indicate. <\/p>\n\n\n\n<p>Gli utenti del sito globeetcecilhotel.com sono tenuti a rispettare le disposizioni della legge francese n. 78-17 del 6 gennaio 1978, e successive modifiche, relativa all&#8217;informatica, ai file e alle libert\u00e0 civili, la cui violazione \u00e8 passibile di sanzioni penali.<br\/>In particolare, devono astenersi, per quanto riguarda le informazioni personali a cui hanno o potrebbero avere accesso, da qualsiasi raccolta, da qualsiasi uso improprio e, pi\u00f9 in generale, da qualsiasi atto suscettibile di violare la privacy o la reputazione delle persone.<\/p>\n\n\n\n<h3 class=\"wp-block-heading has-text-align-left\">4. Diritti di propriet\u00e0 intellettuale<\/h3>\n\n\n\n<p>Questo sito web \u00e8 stato realizzato su base open-source utilizzando il CMS WordPress. Il CMS WordPress \u00e8 concesso in licenza GPL.<br\/>Salvo diversa indicazione, i documenti scaricabili da questo sito sono soggetti a copyright, che ne vieta la riproduzione e la modifica. <\/p>\n\n\n\n<p>Uso commerciale: non avete il diritto di utilizzare questa creazione per scopi commerciali o di condividere le condizioni iniziali in modo identico. Se modificate, trasformate o adattate quest&#8217;opera, potete distribuire l&#8217;opera risultante solo con una licenza identica a questa e dovete riprodurre l&#8217;avviso di licenza Creative Commons BY-NC-SA per ogni riutilizzo o distribuzione. <\/p>\n\n\n\n<p>Qualsiasi rappresentazione totale o parziale di questo sito o del suo contenuto da parte di qualsiasi persona senza l \u201cespressa autorizzazione scritta di Hotel Globe&amp;Cecil \u00e8 vietata e costituisce una contraffazione punita dagli articoli L. 335-2 e seguenti del Codice della Propriet\u00e0 Intellettuale francese, che definisce la contraffazione come un reato punibile con la reclusione fino a tre anni e una multa di 300.000 euro. Lo stesso vale per le banche dati che compaiono sul sito, protette dalle disposizioni della legge del 1\u00b0 luglio 1998 che recepisce nel Codice della Propriet\u00e0 Intellettuale francese la direttiva dell\u201d 11 marzo 1996 sulla tutela giuridica delle banche dati, di cui Hotel Globe&amp;Cecil \u00e8 produttore. <br\/>L&#8217;hotel Globe&amp;Cecil non pu\u00f2 essere ritenuto responsabile dell&#8217;accesso da parte degli utenti, tramite collegamenti ipertestuali predisposti nell&#8217;ambito del sito, ad altre risorse presenti nella rete degli utenti Internet che navigano su questo sito.<br\/>Qualsiasi controversia relativa all \u201cutilizzo del sito globeetcecilhotel.com \u00e8 soggetta al diritto francese. L\u201d utente riconosce la giurisdizione esclusiva dei tribunali competenti di Lione. <\/p>\n\n\n\n<h3 class=\"wp-block-heading has-text-align-left\">5. Copyright<\/h3>\n\n\n\n<p>Tutti i testi e le foto illustrative presenti su questo sito sono opera del team Aubergistes Lyonnais.<br\/>Qualsiasi utilizzo totale, parziale o modificato senza l&#8217;accordo dell&#8217;autore costituisce una violazione del diritto d&#8217;autore e pu\u00f2 comportare sanzioni pecuniarie e penali.<\/p>\n\n\n\n<p>Crediti fotografici nelle nostre case: \u00a9 Eva Luquet, Marine Piolat, No\u00e9mie Frechet, Les Margoulettes, Dissidentia, Pixploration, Marian Carletti, Aude Lema\u00eetre, Cedric Rouillat, BonsoirColomba, Laurianne Rieffelkast, Lucile Bohlinger.<\/p>\n<\/div>\n\n\n\n<\/section>\n","protected":false},"excerpt":{"rendered":"","protected":false},"author":2,"featured_media":0,"parent":0,"menu_order":0,"comment_status":"closed","ping_status":"closed","template":"","meta":{"_acf_changed":false,"inline_featured_image":false,"footnotes":""},"class_list":["post-3373","page","type-page","status-publish","hentry"],"acf":[],"yoast_head":"<!-- This site is optimized with the Yoast SEO plugin v26.9 - https:\/\/yoast.com\/product\/yoast-seo-wordpress\/ -->\n<title>Informazioni legali - Les Aubergistes Lyonnais<\/title>\n<meta name=\"robots\" content=\"noindex, follow\" \/>\n<meta property=\"og:locale\" content=\"it_IT\" \/>\n<meta property=\"og:type\" content=\"article\" \/>\n<meta property=\"og:title\" content=\"Informazioni legali - Les Aubergistes Lyonnais\" \/>\n<meta property=\"og:url\" content=\"https:\/\/preprod.lesaubergisteslyonnais.customr.fr\/it\/punteggio-pieno\/\" \/>\n<meta property=\"og:site_name\" content=\"Les Aubergistes Lyonnais\" \/>\n<meta property=\"article:modified_time\" content=\"2025-06-06T11:52:16+00:00\" \/>\n<meta name=\"twitter:card\" content=\"summary_large_image\" \/>\n<meta name=\"twitter:label1\" content=\"Tempo di lettura stimato\" \/>\n\t<meta name=\"twitter:data1\" content=\"4 minuti\" \/>\n<script type=\"application\/ld+json\" class=\"yoast-schema-graph\">{\"@context\":\"https:\/\/schema.org\",\"@graph\":[{\"@type\":\"WebPage\",\"@id\":\"https:\/\/preprod.lesaubergisteslyonnais.customr.fr\/it\/punteggio-pieno\/\",\"url\":\"https:\/\/preprod.lesaubergisteslyonnais.customr.fr\/it\/punteggio-pieno\/\",\"name\":\"Informazioni legali - Les Aubergistes Lyonnais\",\"isPartOf\":{\"@id\":\"https:\/\/preprod.lesaubergisteslyonnais.customr.fr\/it\/#website\"},\"datePublished\":\"2025-04-16T15:40:08+00:00\",\"dateModified\":\"2025-06-06T11:52:16+00:00\",\"breadcrumb\":{\"@id\":\"https:\/\/preprod.lesaubergisteslyonnais.customr.fr\/it\/punteggio-pieno\/#breadcrumb\"},\"inLanguage\":\"it-IT\",\"potentialAction\":[{\"@type\":\"ReadAction\",\"target\":[\"https:\/\/preprod.lesaubergisteslyonnais.customr.fr\/it\/punteggio-pieno\/\"]}]},{\"@type\":\"BreadcrumbList\",\"@id\":\"https:\/\/preprod.lesaubergisteslyonnais.customr.fr\/it\/punteggio-pieno\/#breadcrumb\",\"itemListElement\":[{\"@type\":\"ListItem\",\"position\":1,\"name\":\"Accueil\",\"item\":\"https:\/\/preprod.lesaubergisteslyonnais.customr.fr\/it\/\"},{\"@type\":\"ListItem\",\"position\":2,\"name\":\"Informazioni legali\"}]},{\"@type\":\"WebSite\",\"@id\":\"https:\/\/preprod.lesaubergisteslyonnais.customr.fr\/it\/#website\",\"url\":\"https:\/\/preprod.lesaubergisteslyonnais.customr.fr\/it\/\",\"name\":\"Globe Cecil\",\"description\":\"\",\"publisher\":{\"@id\":\"https:\/\/preprod.lesaubergisteslyonnais.customr.fr\/it\/#organization\"},\"potentialAction\":[{\"@type\":\"SearchAction\",\"target\":{\"@type\":\"EntryPoint\",\"urlTemplate\":\"https:\/\/preprod.lesaubergisteslyonnais.customr.fr\/it\/?s={search_term_string}\"},\"query-input\":{\"@type\":\"PropertyValueSpecification\",\"valueRequired\":true,\"valueName\":\"search_term_string\"}}],\"inLanguage\":\"it-IT\"},{\"@type\":\"Organization\",\"@id\":\"https:\/\/preprod.lesaubergisteslyonnais.customr.fr\/it\/#organization\",\"name\":\"Globe Cecil\",\"url\":\"https:\/\/preprod.lesaubergisteslyonnais.customr.fr\/it\/\",\"logo\":{\"@type\":\"ImageObject\",\"inLanguage\":\"it-IT\",\"@id\":\"https:\/\/preprod.lesaubergisteslyonnais.customr.fr\/it\/#\/schema\/logo\/image\/\",\"url\":\"https:\/\/preprod.lesaubergisteslyonnais.customr.fr\/wp-content\/uploads\/2025\/05\/LOGO-Aubergistes-Lyonnais-White.svg\",\"contentUrl\":\"https:\/\/preprod.lesaubergisteslyonnais.customr.fr\/wp-content\/uploads\/2025\/05\/LOGO-Aubergistes-Lyonnais-White.svg\",\"width\":558,\"height\":127,\"caption\":\"Globe Cecil\"},\"image\":{\"@id\":\"https:\/\/preprod.lesaubergisteslyonnais.customr.fr\/it\/#\/schema\/logo\/image\/\"}}]}<\/script>\n<!-- \/ Yoast SEO plugin. -->","yoast_head_json":{"title":"Informazioni legali - Les Aubergistes Lyonnais","robots":{"index":"noindex","follow":"follow"},"og_locale":"it_IT","og_type":"article","og_title":"Informazioni legali - Les Aubergistes Lyonnais","og_url":"https:\/\/preprod.lesaubergisteslyonnais.customr.fr\/it\/punteggio-pieno\/","og_site_name":"Les Aubergistes Lyonnais","article_modified_time":"2025-06-06T11:52:16+00:00","twitter_card":"summary_large_image","twitter_misc":{"Tempo di lettura stimato":"4 minuti"},"schema":{"@context":"https:\/\/schema.org","@graph":[{"@type":"WebPage","@id":"https:\/\/preprod.lesaubergisteslyonnais.customr.fr\/it\/punteggio-pieno\/","url":"https:\/\/preprod.lesaubergisteslyonnais.customr.fr\/it\/punteggio-pieno\/","name":"Informazioni legali - Les Aubergistes Lyonnais","isPartOf":{"@id":"https:\/\/preprod.lesaubergisteslyonnais.customr.fr\/it\/#website"},"datePublished":"2025-04-16T15:40:08+00:00","dateModified":"2025-06-06T11:52:16+00:00","breadcrumb":{"@id":"https:\/\/preprod.lesaubergisteslyonnais.customr.fr\/it\/punteggio-pieno\/#breadcrumb"},"inLanguage":"it-IT","potentialAction":[{"@type":"ReadAction","target":["https:\/\/preprod.lesaubergisteslyonnais.customr.fr\/it\/punteggio-pieno\/"]}]},{"@type":"BreadcrumbList","@id":"https:\/\/preprod.lesaubergisteslyonnais.customr.fr\/it\/punteggio-pieno\/#breadcrumb","itemListElement":[{"@type":"ListItem","position":1,"name":"Accueil","item":"https:\/\/preprod.lesaubergisteslyonnais.customr.fr\/it\/"},{"@type":"ListItem","position":2,"name":"Informazioni legali"}]},{"@type":"WebSite","@id":"https:\/\/preprod.lesaubergisteslyonnais.customr.fr\/it\/#website","url":"https:\/\/preprod.lesaubergisteslyonnais.customr.fr\/it\/","name":"Globe Cecil","description":"","publisher":{"@id":"https:\/\/preprod.lesaubergisteslyonnais.customr.fr\/it\/#organization"},"potentialAction":[{"@type":"SearchAction","target":{"@type":"EntryPoint","urlTemplate":"https:\/\/preprod.lesaubergisteslyonnais.customr.fr\/it\/?s={search_term_string}"},"query-input":{"@type":"PropertyValueSpecification","valueRequired":true,"valueName":"search_term_string"}}],"inLanguage":"it-IT"},{"@type":"Organization","@id":"https:\/\/preprod.lesaubergisteslyonnais.customr.fr\/it\/#organization","name":"Globe Cecil","url":"https:\/\/preprod.lesaubergisteslyonnais.customr.fr\/it\/","logo":{"@type":"ImageObject","inLanguage":"it-IT","@id":"https:\/\/preprod.lesaubergisteslyonnais.customr.fr\/it\/#\/schema\/logo\/image\/","url":"https:\/\/preprod.lesaubergisteslyonnais.customr.fr\/wp-content\/uploads\/2025\/05\/LOGO-Aubergistes-Lyonnais-White.svg","contentUrl":"https:\/\/preprod.lesaubergisteslyonnais.customr.fr\/wp-content\/uploads\/2025\/05\/LOGO-Aubergistes-Lyonnais-White.svg","width":558,"height":127,"caption":"Globe Cecil"},"image":{"@id":"https:\/\/preprod.lesaubergisteslyonnais.customr.fr\/it\/#\/schema\/logo\/image\/"}}]}},"_links":{"self":[{"href":"https:\/\/preprod.lesaubergisteslyonnais.customr.fr\/it\/wp-json\/wp\/v2\/pages\/3373","targetHints":{"allow":["GET"]}}],"collection":[{"href":"https:\/\/preprod.lesaubergisteslyonnais.customr.fr\/it\/wp-json\/wp\/v2\/pages"}],"about":[{"href":"https:\/\/preprod.lesaubergisteslyonnais.customr.fr\/it\/wp-json\/wp\/v2\/types\/page"}],"author":[{"embeddable":true,"href":"https:\/\/preprod.lesaubergisteslyonnais.customr.fr\/it\/wp-json\/wp\/v2\/users\/2"}],"replies":[{"embeddable":true,"href":"https:\/\/preprod.lesaubergisteslyonnais.customr.fr\/it\/wp-json\/wp\/v2\/comments?post=3373"}],"version-history":[{"count":2,"href":"https:\/\/preprod.lesaubergisteslyonnais.customr.fr\/it\/wp-json\/wp\/v2\/pages\/3373\/revisions"}],"predecessor-version":[{"id":7350,"href":"https:\/\/preprod.lesaubergisteslyonnais.customr.fr\/it\/wp-json\/wp\/v2\/pages\/3373\/revisions\/7350"}],"wp:attachment":[{"href":"https:\/\/preprod.lesaubergisteslyonnais.customr.fr\/it\/wp-json\/wp\/v2\/media?parent=3373"}],"curies":[{"name":"wp","href":"https:\/\/api.w.org\/{rel}","templated":true}]}}