{"id":6843,"date":"2025-04-16T17:40:08","date_gmt":"2025-04-16T15:40:08","guid":{"rendered":"https:\/\/preprod.lesaubergisteslyonnais.customr.fr\/informacion-legal\/"},"modified":"2025-06-06T13:52:16","modified_gmt":"2025-06-06T11:52:16","slug":"informacion-legal","status":"publish","type":"page","link":"https:\/\/preprod.lesaubergisteslyonnais.customr.fr\/es\/puntuacion-maxima\/","title":{"rendered":"Informaci\u00f3n legal"},"content":{"rendered":"\n<section class=\"heading wp-elements-4ba53d3020481cda4041440d57ca31a3 wp-elements-4ba53d3020481cda4041440d57ca31a3 wp-block-acf-heading has-text-color has-primary-color has-background has-white-100-background-color\">\n\t<div class=\"heading__container\">\n\t\t\t\t\t<div class=\"heading__background-picture\">\n\t\t\t\t<img decoding=\"async\" width=\"1920\" height=\"1280\" src=\"https:\/\/preprod.lesaubergisteslyonnais.customr.fr\/wp-content\/uploads\/2025\/03\/meilleur-hotel-de-lyon-centre.jpg\" class=\"attachment-full size-full\" alt=\"\" fetchpriority=\"high\" srcset=\"https:\/\/preprod.lesaubergisteslyonnais.customr.fr\/wp-content\/uploads\/2025\/03\/meilleur-hotel-de-lyon-centre.jpg 1920w, https:\/\/preprod.lesaubergisteslyonnais.customr.fr\/wp-content\/uploads\/2025\/03\/meilleur-hotel-de-lyon-centre-300x200.jpg 300w, https:\/\/preprod.lesaubergisteslyonnais.customr.fr\/wp-content\/uploads\/2025\/03\/meilleur-hotel-de-lyon-centre-1024x683.jpg 1024w, https:\/\/preprod.lesaubergisteslyonnais.customr.fr\/wp-content\/uploads\/2025\/03\/meilleur-hotel-de-lyon-centre-768x512.jpg 768w, https:\/\/preprod.lesaubergisteslyonnais.customr.fr\/wp-content\/uploads\/2025\/03\/meilleur-hotel-de-lyon-centre-1536x1024.jpg 1536w\" sizes=\"(max-width: 1920px) 100vw, 1920px\" \/>\t\t\t<\/div>\n\t\t\t\t<div class=\"heading__layout\">\n\t\t\t<div class=\"heading__content-wrapper has-white-100-background-color\">\n\t\t\t\t<div class=\"heading__content has-white-100-background-color\">\n\t\t\t\t\t\t\t\t\t<p id=\"breadcrumbs\"><span><span><a href=\"https:\/\/preprod.lesaubergisteslyonnais.customr.fr\/es\/\">Accueil<\/a><\/span><\/span><\/p>\t\t\t\t\t\t\t\t\t<div class=\"acf-innerblocks-container\">\n\n<div class=\"wp-block-group heading-content-group is-layout-grid wp-container-core-group-is-layout-96b258e4 wp-block-group-is-layout-grid\">\n<h1 class=\"wp-block-heading has-text-align-left heading__title has-primary-color has-text-color has-xx-large-font-size wp-container-content-32a3e683\">Informaci\u00f3n legal<\/h1>\n<\/div>\n\n<\/div>\n\t\t\t\t<\/div>\n\t\t\t\t\t\t\t\t<div class=\"heading__illustration illustration-with-parallax\">\n\t\t\t\t\t<img decoding=\"async\" width=\"350\" height=\"350\" src=\"https:\/\/preprod.lesaubergisteslyonnais.customr.fr\/wp-content\/uploads\/2025\/04\/ENCRIER.png\" class=\"attachment-full size-full\" alt=\"ENCRIER\" fetchpriority=\"high\" srcset=\"https:\/\/preprod.lesaubergisteslyonnais.customr.fr\/wp-content\/uploads\/2025\/04\/ENCRIER.png 350w, https:\/\/preprod.lesaubergisteslyonnais.customr.fr\/wp-content\/uploads\/2025\/04\/ENCRIER-300x300.png 300w\" sizes=\"(max-width: 350px) 100vw, 350px\" \/>\t\t\t\t<\/div>\n\t\t\t\t\t\t\t<\/div>\n\t\t<\/div>\n\t<\/div>\n<\/section>\n\n\n\t<section\n\t\tstyle=\"padding-top:var(--wp--preset--spacing--theme-default);padding-bottom:var(--wp--preset--spacing--theme-default);\" class=\"block-container align wp-block-acf-block-container has-background has-white-background-color is-layout-flow wp-block-acf-block-container-is-layout-flow\"\t>\n\n\t\n\n<div class=\"wp-block-group has-global-padding is-layout-constrained wp-block-group-is-layout-constrained\">\n<h3 class=\"wp-block-heading has-text-align-left\">1. Informaci\u00f3n legal<\/h3>\n\n\n\n<p>De conformidad con lo dispuesto en los art\u00edculos 6-III y 19 de la Ley francesa sobre la confianza en la econom\u00eda digital, te informamos de que:<br\/>Este sitio web, cuyo nombre de dominio es globeetcecilhotel.com, ha sido publicado por Agence CustomR. SARL, una agencia de marketing situada en 5 Quai Hippolyte Ja\u00ffr, 69009 Lyon. <\/p>\n\n\n\n<p>Para:<br\/>El hotel Globe&amp;Cecil est\u00e1 situado en 21 rue Gasparin 69002 Lyon.<br\/>El director de la publicaci\u00f3n es el Sr. Lo\u00efc Renart, director del hotel Globe&amp;Cecil.<br\/>El hotel Globe&amp;Cecil es una SASU (sociedad por acciones simplificada) cuyo Presidente es el Sr. Lo\u00efc Renart.<br\/>SIRET: 412 361 107 00011<br\/>Actividad: Hoteles y alojamientos similares (5510Z)<\/p>\n\n\n\n<p>N\u00famero de declaraci\u00f3n CNIL: en proceso de actualizaci\u00f3n (junio de 2021)<\/p>\n\n\n\n<p>Este sitio web est\u00e1 alojado en CustomR.<\/p>\n\n\n\n<h3 class=\"wp-block-heading has-text-align-left\">2. Limitaci\u00f3n de responsabilidad<\/h3>\n\n\n\n<p>El usuario reconoce haber le\u00eddo estas condiciones de uso y se compromete a cumplirlas. El usuario del sitio globeetcecilhotel.com reconoce que dispone de las competencias y recursos necesarios para acceder y utilizar este sitio. <\/p>\n\n\n\n<p>Los usuarios del sitio web globeetcecilhotel.com reconocen que han comprobado que la configuraci\u00f3n inform\u00e1tica utilizada no contiene virus y que se encuentra en perfecto estado de funcionamiento. El hotel Globe&amp;Cecil, a trav\u00e9s de su proveedor de servicios CustomR, hace todo lo posible para proporcionar a los usuarios informaci\u00f3n y\/o herramientas disponibles y verificadas, pero no se hace responsable de los errores, la falta de disponibilidad de funciones y\/o la presencia de virus en el sitio.<br\/>La informaci\u00f3n facilitada por el hotel Globe&amp;Cecil se proporciona a t\u00edtulo meramente informativo y no exime al usuario de un an\u00e1lisis adicional y personalizado. <\/p>\n\n\n\n<h3 class=\"wp-block-heading has-text-align-left\">3. Cookies<\/h3>\n\n\n\n<p>Este sitio web utiliza cookies con fines estad\u00edsticos (para analizar las visitas y las interacciones). No se hace ning\u00fan otro uso de estas cookies, ni con fines publicitarios ni para respetar la privacidad de los internautas.<br\/>Al navegar por este sitio, aceptas el uso de nuestras cookies para optimizar las estad\u00edsticas de visitas.<br\/>Se informa a los usuarios de que, cuando visiten el sitio, es posible que se instale autom\u00e1ticamente una cookie en su navegador. Una cookie es un bloque de datos que no permite identificar al usuario, pero que se utiliza para registrar informaci\u00f3n relativa a su navegaci\u00f3n en el sitio.  <\/p>\n\n\n\n<p>El usuario puede configurar el software de su navegador para que le notifique la presencia de cookies y, si es necesario, rechazarlas. El usuario dispone de todos los derechos mencionados anteriormente en relaci\u00f3n con los datos personales comunicados a trav\u00e9s de cookies en las condiciones indicadas anteriormente. <\/p>\n\n\n\n<p>Los usuarios del sitio web globeetcecilhotel.com est\u00e1n obligados a cumplir las disposiciones de la ley francesa n.\u00ba 78-17 de 6 de enero de 1978, modificada, relativa a la inform\u00e1tica, los archivos y las libertades, cuya infracci\u00f3n se castiga con sanciones penales.<br\/>En particular, deben abstenerse, en relaci\u00f3n con la informaci\u00f3n personal a la que tengan o puedan tener acceso, de cualquier recogida, cualquier uso indebido y, de forma m\u00e1s general, cualquier acto que pueda atentar contra la intimidad o la reputaci\u00f3n de las personas.<\/p>\n\n\n\n<h3 class=\"wp-block-heading has-text-align-left\">4. Derechos de propiedad intelectual<\/h3>\n\n\n\n<p>Este sitio web se ha construido sobre una base de c\u00f3digo abierto utilizando el CMS WordPress. El CMS WordPress est\u00e1 licenciado bajo la GPL.<br\/>A menos que se indique expl\u00edcitamente lo contrario, los documentos descargables de este sitio web est\u00e1n sujetos a derechos de autor, lo que proh\u00edbe su reproducci\u00f3n y modificaci\u00f3n. <\/p>\n\n\n\n<p>Uso comercial: No tienes derecho a utilizar esta creaci\u00f3n con fines comerciales, a compartir las condiciones iniciales de forma id\u00e9ntica. Si modificas, transformas o adaptas esta obra, s\u00f3lo tienes derecho a distribuir la obra resultante bajo un contrato id\u00e9ntico a \u00e9ste, y a reproducir este aviso de licencia Creative Commons BY-NC-SA en cada reutilizaci\u00f3n o distribuci\u00f3n. <\/p>\n\n\n\n<p>Cualquier representaci\u00f3n total o parcial de este sitio web o de su contenido por cualquier persona sin la autorizaci\u00f3n expresa y por escrito del Hotel Globe&amp;Cecil est\u00e1 prohibida y constituye una infracci\u00f3n sancionada por los art\u00edculos L. 335-2 y siguientes del C\u00f3digo de la Propiedad Intelectual franc\u00e9s, que tipifica la infracci\u00f3n como un delito castigado con hasta tres a\u00f1os de prisi\u00f3n y una multa de 300.000 euros. Lo mismo se aplica a las bases de datos que aparecen en el sitio web, que est\u00e1n protegidas por las disposiciones de la ley de 1 de julio de 1998 que transpone al C\u00f3digo franc\u00e9s de la Propiedad Intelectual la directiva de 11 de marzo de 1996 sobre la protecci\u00f3n jur\u00eddica de las bases de datos, y de las que el Hotel Globe&amp;Cecil es productor. <br\/>El hotel Globe&amp;Cecil no se hace responsable del acceso de los usuarios a trav\u00e9s de enlaces de hipertexto establecidos en el marco del sitio web a otros recursos presentes en la red de internautas que navegan por este sitio web.<br\/>Cualquier litigio relacionado con el uso del sitio web globeetcecilhotel.com est\u00e1 sujeto a la legislaci\u00f3n francesa. El usuario reconoce la jurisdicci\u00f3n exclusiva de los tribunales competentes de Lyon. <\/p>\n\n\n\n<h3 class=\"wp-block-heading has-text-align-left\">5. Derechos de autor<\/h3>\n\n\n\n<p>Todos los textos y fotos ilustrativas de este sitio son obra del equipo de Aubergistes Lyonnais.<br\/>Cualquier uso total, parcial o modificado sin el consentimiento del autor constituye una infracci\u00f3n de los derechos de autor y puede acarrear sanciones econ\u00f3micas y penales.<\/p>\n\n\n\n<p>Cr\u00e9ditos fotogr\u00e1ficos en nuestras casas: \u00a9 Eva Luquet, Marine Piolat, No\u00e9mie Frechet, Les Margoulettes, Dissidentia, Pixploration, Marian Carletti, Aude Lema\u00eetre, Cedric Rouillat, BonsoirColomba, Laurianne Rieffelkast, Lucile Bohlinger.<\/p>\n<\/div>\n\n\n\n<\/section>\n","protected":false},"excerpt":{"rendered":"","protected":false},"author":2,"featured_media":0,"parent":0,"menu_order":0,"comment_status":"closed","ping_status":"closed","template":"","meta":{"_acf_changed":false,"inline_featured_image":false,"footnotes":""},"class_list":["post-6843","page","type-page","status-publish","hentry"],"acf":[],"yoast_head":"<!-- This site is optimized with the Yoast SEO plugin v26.9 - https:\/\/yoast.com\/product\/yoast-seo-wordpress\/ -->\n<title>Informaci\u00f3n legal - Les Aubergistes Lyonnais<\/title>\n<meta name=\"robots\" content=\"noindex, follow\" \/>\n<meta property=\"og:locale\" content=\"es_ES\" \/>\n<meta property=\"og:type\" content=\"article\" \/>\n<meta property=\"og:title\" content=\"Informaci\u00f3n legal - Les Aubergistes Lyonnais\" \/>\n<meta property=\"og:url\" content=\"https:\/\/preprod.lesaubergisteslyonnais.customr.fr\/es\/puntuacion-maxima\/\" \/>\n<meta property=\"og:site_name\" content=\"Les Aubergistes Lyonnais\" \/>\n<meta property=\"article:modified_time\" content=\"2025-06-06T11:52:16+00:00\" \/>\n<meta name=\"twitter:card\" content=\"summary_large_image\" \/>\n<meta name=\"twitter:label1\" content=\"Tiempo de lectura\" \/>\n\t<meta name=\"twitter:data1\" content=\"5 minutos\" \/>\n<script type=\"application\/ld+json\" class=\"yoast-schema-graph\">{\"@context\":\"https:\/\/schema.org\",\"@graph\":[{\"@type\":\"WebPage\",\"@id\":\"https:\/\/preprod.lesaubergisteslyonnais.customr.fr\/es\/puntuacion-maxima\/\",\"url\":\"https:\/\/preprod.lesaubergisteslyonnais.customr.fr\/es\/puntuacion-maxima\/\",\"name\":\"Informaci\u00f3n legal - Les Aubergistes Lyonnais\",\"isPartOf\":{\"@id\":\"https:\/\/preprod.lesaubergisteslyonnais.customr.fr\/es\/#website\"},\"datePublished\":\"2025-04-16T15:40:08+00:00\",\"dateModified\":\"2025-06-06T11:52:16+00:00\",\"breadcrumb\":{\"@id\":\"https:\/\/preprod.lesaubergisteslyonnais.customr.fr\/es\/puntuacion-maxima\/#breadcrumb\"},\"inLanguage\":\"es\",\"potentialAction\":[{\"@type\":\"ReadAction\",\"target\":[\"https:\/\/preprod.lesaubergisteslyonnais.customr.fr\/es\/puntuacion-maxima\/\"]}]},{\"@type\":\"BreadcrumbList\",\"@id\":\"https:\/\/preprod.lesaubergisteslyonnais.customr.fr\/es\/puntuacion-maxima\/#breadcrumb\",\"itemListElement\":[{\"@type\":\"ListItem\",\"position\":1,\"name\":\"Accueil\",\"item\":\"https:\/\/preprod.lesaubergisteslyonnais.customr.fr\/es\/\"},{\"@type\":\"ListItem\",\"position\":2,\"name\":\"Informaci\u00f3n legal\"}]},{\"@type\":\"WebSite\",\"@id\":\"https:\/\/preprod.lesaubergisteslyonnais.customr.fr\/es\/#website\",\"url\":\"https:\/\/preprod.lesaubergisteslyonnais.customr.fr\/es\/\",\"name\":\"Globe Cecil\",\"description\":\"\",\"publisher\":{\"@id\":\"https:\/\/preprod.lesaubergisteslyonnais.customr.fr\/es\/#organization\"},\"potentialAction\":[{\"@type\":\"SearchAction\",\"target\":{\"@type\":\"EntryPoint\",\"urlTemplate\":\"https:\/\/preprod.lesaubergisteslyonnais.customr.fr\/es\/?s={search_term_string}\"},\"query-input\":{\"@type\":\"PropertyValueSpecification\",\"valueRequired\":true,\"valueName\":\"search_term_string\"}}],\"inLanguage\":\"es\"},{\"@type\":\"Organization\",\"@id\":\"https:\/\/preprod.lesaubergisteslyonnais.customr.fr\/es\/#organization\",\"name\":\"Globe Cecil\",\"url\":\"https:\/\/preprod.lesaubergisteslyonnais.customr.fr\/es\/\",\"logo\":{\"@type\":\"ImageObject\",\"inLanguage\":\"es\",\"@id\":\"https:\/\/preprod.lesaubergisteslyonnais.customr.fr\/es\/#\/schema\/logo\/image\/\",\"url\":\"https:\/\/preprod.lesaubergisteslyonnais.customr.fr\/wp-content\/uploads\/2025\/05\/LOGO-Aubergistes-Lyonnais-White.svg\",\"contentUrl\":\"https:\/\/preprod.lesaubergisteslyonnais.customr.fr\/wp-content\/uploads\/2025\/05\/LOGO-Aubergistes-Lyonnais-White.svg\",\"width\":558,\"height\":127,\"caption\":\"Globe Cecil\"},\"image\":{\"@id\":\"https:\/\/preprod.lesaubergisteslyonnais.customr.fr\/es\/#\/schema\/logo\/image\/\"}}]}<\/script>\n<!-- \/ Yoast SEO plugin. -->","yoast_head_json":{"title":"Informaci\u00f3n legal - Les Aubergistes Lyonnais","robots":{"index":"noindex","follow":"follow"},"og_locale":"es_ES","og_type":"article","og_title":"Informaci\u00f3n legal - Les Aubergistes Lyonnais","og_url":"https:\/\/preprod.lesaubergisteslyonnais.customr.fr\/es\/puntuacion-maxima\/","og_site_name":"Les Aubergistes Lyonnais","article_modified_time":"2025-06-06T11:52:16+00:00","twitter_card":"summary_large_image","twitter_misc":{"Tiempo de lectura":"5 minutos"},"schema":{"@context":"https:\/\/schema.org","@graph":[{"@type":"WebPage","@id":"https:\/\/preprod.lesaubergisteslyonnais.customr.fr\/es\/puntuacion-maxima\/","url":"https:\/\/preprod.lesaubergisteslyonnais.customr.fr\/es\/puntuacion-maxima\/","name":"Informaci\u00f3n legal - Les Aubergistes Lyonnais","isPartOf":{"@id":"https:\/\/preprod.lesaubergisteslyonnais.customr.fr\/es\/#website"},"datePublished":"2025-04-16T15:40:08+00:00","dateModified":"2025-06-06T11:52:16+00:00","breadcrumb":{"@id":"https:\/\/preprod.lesaubergisteslyonnais.customr.fr\/es\/puntuacion-maxima\/#breadcrumb"},"inLanguage":"es","potentialAction":[{"@type":"ReadAction","target":["https:\/\/preprod.lesaubergisteslyonnais.customr.fr\/es\/puntuacion-maxima\/"]}]},{"@type":"BreadcrumbList","@id":"https:\/\/preprod.lesaubergisteslyonnais.customr.fr\/es\/puntuacion-maxima\/#breadcrumb","itemListElement":[{"@type":"ListItem","position":1,"name":"Accueil","item":"https:\/\/preprod.lesaubergisteslyonnais.customr.fr\/es\/"},{"@type":"ListItem","position":2,"name":"Informaci\u00f3n legal"}]},{"@type":"WebSite","@id":"https:\/\/preprod.lesaubergisteslyonnais.customr.fr\/es\/#website","url":"https:\/\/preprod.lesaubergisteslyonnais.customr.fr\/es\/","name":"Globe Cecil","description":"","publisher":{"@id":"https:\/\/preprod.lesaubergisteslyonnais.customr.fr\/es\/#organization"},"potentialAction":[{"@type":"SearchAction","target":{"@type":"EntryPoint","urlTemplate":"https:\/\/preprod.lesaubergisteslyonnais.customr.fr\/es\/?s={search_term_string}"},"query-input":{"@type":"PropertyValueSpecification","valueRequired":true,"valueName":"search_term_string"}}],"inLanguage":"es"},{"@type":"Organization","@id":"https:\/\/preprod.lesaubergisteslyonnais.customr.fr\/es\/#organization","name":"Globe Cecil","url":"https:\/\/preprod.lesaubergisteslyonnais.customr.fr\/es\/","logo":{"@type":"ImageObject","inLanguage":"es","@id":"https:\/\/preprod.lesaubergisteslyonnais.customr.fr\/es\/#\/schema\/logo\/image\/","url":"https:\/\/preprod.lesaubergisteslyonnais.customr.fr\/wp-content\/uploads\/2025\/05\/LOGO-Aubergistes-Lyonnais-White.svg","contentUrl":"https:\/\/preprod.lesaubergisteslyonnais.customr.fr\/wp-content\/uploads\/2025\/05\/LOGO-Aubergistes-Lyonnais-White.svg","width":558,"height":127,"caption":"Globe Cecil"},"image":{"@id":"https:\/\/preprod.lesaubergisteslyonnais.customr.fr\/es\/#\/schema\/logo\/image\/"}}]}},"_links":{"self":[{"href":"https:\/\/preprod.lesaubergisteslyonnais.customr.fr\/es\/wp-json\/wp\/v2\/pages\/6843","targetHints":{"allow":["GET"]}}],"collection":[{"href":"https:\/\/preprod.lesaubergisteslyonnais.customr.fr\/es\/wp-json\/wp\/v2\/pages"}],"about":[{"href":"https:\/\/preprod.lesaubergisteslyonnais.customr.fr\/es\/wp-json\/wp\/v2\/types\/page"}],"author":[{"embeddable":true,"href":"https:\/\/preprod.lesaubergisteslyonnais.customr.fr\/es\/wp-json\/wp\/v2\/users\/2"}],"replies":[{"embeddable":true,"href":"https:\/\/preprod.lesaubergisteslyonnais.customr.fr\/es\/wp-json\/wp\/v2\/comments?post=6843"}],"version-history":[{"count":3,"href":"https:\/\/preprod.lesaubergisteslyonnais.customr.fr\/es\/wp-json\/wp\/v2\/pages\/6843\/revisions"}],"predecessor-version":[{"id":7348,"href":"https:\/\/preprod.lesaubergisteslyonnais.customr.fr\/es\/wp-json\/wp\/v2\/pages\/6843\/revisions\/7348"}],"wp:attachment":[{"href":"https:\/\/preprod.lesaubergisteslyonnais.customr.fr\/es\/wp-json\/wp\/v2\/media?parent=6843"}],"curies":[{"name":"wp","href":"https:\/\/api.w.org\/{rel}","templated":true}]}}