{"id":6840,"date":"2025-05-26T14:42:13","date_gmt":"2025-05-26T12:42:13","guid":{"rendered":"https:\/\/preprod.lesaubergisteslyonnais.customr.fr\/nuestras-noticias\/"},"modified":"2025-06-12T19:01:30","modified_gmt":"2025-06-12T17:01:30","slug":"nuestras-noticias","status":"publish","type":"page","link":"https:\/\/preprod.lesaubergisteslyonnais.customr.fr\/es\/empresa-con-proposito\/nuestras-noticias\/","title":{"rendered":"Nuestras noticias"},"content":{"rendered":"\n<section class=\"heading wp-elements-9e2bb9e5fecbe200271a0fc94a113821 wp-elements-9e2bb9e5fecbe200271a0fc94a113821 wp-block-acf-heading has-text-color has-primary-color has-background has-white-100-background-color\">\n\t<div class=\"heading__container\">\n\t\t\t\t\t<div class=\"heading__background-picture\">\n\t\t\t\t<img decoding=\"async\" width=\"1620\" height=\"1080\" src=\"https:\/\/preprod.lesaubergisteslyonnais.customr.fr\/wp-content\/uploads\/2025\/05\/Groupe-hotelier-fancais-lyon9.jpg\" class=\"attachment-full size-full\" alt=\"\" fetchpriority=\"high\" srcset=\"https:\/\/preprod.lesaubergisteslyonnais.customr.fr\/wp-content\/uploads\/2025\/05\/Groupe-hotelier-fancais-lyon9.jpg 1620w, https:\/\/preprod.lesaubergisteslyonnais.customr.fr\/wp-content\/uploads\/2025\/05\/Groupe-hotelier-fancais-lyon9-600x400.jpg 600w, https:\/\/preprod.lesaubergisteslyonnais.customr.fr\/wp-content\/uploads\/2025\/05\/Groupe-hotelier-fancais-lyon9-1400x933.jpg 1400w, https:\/\/preprod.lesaubergisteslyonnais.customr.fr\/wp-content\/uploads\/2025\/05\/Groupe-hotelier-fancais-lyon9-768x512.jpg 768w, https:\/\/preprod.lesaubergisteslyonnais.customr.fr\/wp-content\/uploads\/2025\/05\/Groupe-hotelier-fancais-lyon9-1536x1024.jpg 1536w\" sizes=\"(max-width: 1620px) 100vw, 1620px\" \/>\t\t\t<\/div>\n\t\t\t\t<div class=\"heading__layout\">\n\t\t\t<div class=\"heading__content-wrapper has-white-100-background-color\">\n\t\t\t\t<div class=\"heading__content has-white-100-background-color\">\n\t\t\t\t\t\t\t\t\t<p id=\"breadcrumbs\"><span><span><a href=\"https:\/\/preprod.lesaubergisteslyonnais.customr.fr\/es\/\">Accueil<\/a><\/span><\/span><\/p>\t\t\t\t\t\t\t\t\t<div class=\"acf-innerblocks-container\">\n\n<div class=\"wp-block-group heading-content-group is-layout-grid wp-container-core-group-is-layout-96b258e4 wp-block-group-is-layout-grid\">\n<h1 class=\"wp-block-heading has-text-align-left heading__title has-primary-color has-text-color has-xx-large-font-size wp-container-content-32a3e683\">Nuestras noticias<\/h1>\n<\/div>\n\n<\/div>\n\t\t\t\t<\/div>\n\t\t\t\t\t\t\t\t<div class=\"heading__illustration illustration-with-parallax\">\n\t\t\t\t\t<img decoding=\"async\" width=\"350\" height=\"350\" src=\"https:\/\/preprod.lesaubergisteslyonnais.customr.fr\/wp-content\/uploads\/2025\/04\/ENCRIER.png\" class=\"attachment-full size-full\" alt=\"ENCRIER\" fetchpriority=\"high\" srcset=\"https:\/\/preprod.lesaubergisteslyonnais.customr.fr\/wp-content\/uploads\/2025\/04\/ENCRIER.png 350w, https:\/\/preprod.lesaubergisteslyonnais.customr.fr\/wp-content\/uploads\/2025\/04\/ENCRIER-300x300.png 300w\" sizes=\"(max-width: 350px) 100vw, 350px\" \/>\t\t\t\t<\/div>\n\t\t\t\t\t\t\t<\/div>\n\t\t<\/div>\n\t<\/div>\n<\/section>\n\n\n\t<section\n\t\tstyle=\"padding-top:var(--wp--preset--spacing--theme-default);padding-bottom:var(--wp--preset--spacing--theme-default);\" class=\"block-container align wp-block-acf-block-container has-background has-white-background-color has-global-padding is-layout-constrained wp-block-acf-block-container-is-layout-constrained\"\t>\n\n\t\n\n<div class=\"wp-block-group is-layout-flow wp-block-group-is-layout-flow\" style=\"padding-bottom:var(--wp--preset--spacing--theme-m)\">\n<p class=\"has-text-align-left has-large-font-size\">\u00bfEl d\u00eda a d\u00eda de un grupo hotelero franc\u00e9s independiente?<\/p>\n\n\n\n<p>Como la revista es nuestro medio de comunicaci\u00f3n favorito (porque, s\u00ed, ponemos el coraz\u00f3n en ella), \u00a1tambi\u00e9n es el lugar ideal para presentarte nuestras \u00faltimas noticias y\/o grandes innovaciones! 3&#8230;2&#8230;1&#8230; \u00a1Este es el lugar! <\/p>\n<\/div>\n\n\n\n<div class=\"wp-block-query alignwide has-global-padding is-layout-constrained wp-block-query-is-layout-constrained\"><ul class=\"columns-2 alignwide wp-block-post-template is-layout-grid wp-container-core-post-template-is-layout-d35acac1 wp-block-post-template-is-layout-grid\"><li class=\"wp-block-post post-6786 post type-post status-publish format-standard has-post-thumbnail hentry category-noticias-de-la-coleccion\">\n<figure style=\"aspect-ratio:16\/9; padding-top:0;padding-bottom:0;\" class=\"wp-block-post-featured-image\"><a href=\"https:\/\/preprod.lesaubergisteslyonnais.customr.fr\/es\/blog\/corriendo-por-ellos-2025\/\" target=\"_self\"  ><img loading=\"lazy\" decoding=\"async\" width=\"1440\" height=\"1080\" src=\"https:\/\/preprod.lesaubergisteslyonnais.customr.fr\/wp-content\/uploads\/2025\/05\/hotel-engage-et-solidaire-a-lyon.jpeg\" class=\"attachment-post-thumbnail size-post-thumbnail wp-post-image\" alt=\"Carrera de la Mujer 2025\" style=\"width:100%;height:100%;object-fit:cover;\" srcset=\"https:\/\/preprod.lesaubergisteslyonnais.customr.fr\/wp-content\/uploads\/2025\/05\/hotel-engage-et-solidaire-a-lyon.jpeg 1440w, https:\/\/preprod.lesaubergisteslyonnais.customr.fr\/wp-content\/uploads\/2025\/05\/hotel-engage-et-solidaire-a-lyon-600x450.jpeg 600w, https:\/\/preprod.lesaubergisteslyonnais.customr.fr\/wp-content\/uploads\/2025\/05\/hotel-engage-et-solidaire-a-lyon-1400x1050.jpeg 1400w, https:\/\/preprod.lesaubergisteslyonnais.customr.fr\/wp-content\/uploads\/2025\/05\/hotel-engage-et-solidaire-a-lyon-768x576.jpeg 768w\" sizes=\"auto, (max-width: 1440px) 100vw, 1440px\" \/><\/a><\/figure>\n\n<h3 class=\"wp-block-post-title\"><a href=\"https:\/\/preprod.lesaubergisteslyonnais.customr.fr\/es\/blog\/corriendo-por-ellos-2025\/\" target=\"_self\" >Carrera de la Mujer 2025<\/a><\/h3>\n\n<div class=\"wp-block-post-excerpt has-x-small-font-size\"><p class=\"wp-block-post-excerpt__excerpt\">Los Aubergistes Lyonnais et Citoyens corrieron en apoyo de la lucha contra el c\u00e1ncer.<\/p><p class=\"wp-block-post-excerpt__more-text\"><a class=\"wp-block-post-excerpt__more-link\" href=\"https:\/\/preprod.lesaubergisteslyonnais.customr.fr\/es\/blog\/corriendo-por-ellos-2025\/\">Leer m\u00e1s<\/a><\/p><\/div>\n<\/li><li class=\"wp-block-post post-7390 post type-post status-publish format-standard has-post-thumbnail hentry category-noticias-de-la-coleccion\">\n<figure style=\"aspect-ratio:16\/9; padding-top:0;padding-bottom:0;\" class=\"wp-block-post-featured-image\"><a href=\"https:\/\/preprod.lesaubergisteslyonnais.customr.fr\/es\/nuevos-pasillos-en-globe-y-cecil\/\" target=\"_self\"  ><img loading=\"lazy\" decoding=\"async\" width=\"720\" height=\"1080\" src=\"https:\/\/preprod.lesaubergisteslyonnais.customr.fr\/wp-content\/uploads\/2025\/03\/couloirs-hotel-Globe-et-Cecil-Lyon2.jpg\" class=\"attachment-post-thumbnail size-post-thumbnail wp-post-image\" alt=\"Nuevos pasillos en Globe y Cecil\" style=\"width:100%;height:100%;object-fit:cover;\" srcset=\"https:\/\/preprod.lesaubergisteslyonnais.customr.fr\/wp-content\/uploads\/2025\/03\/couloirs-hotel-Globe-et-Cecil-Lyon2.jpg 720w, https:\/\/preprod.lesaubergisteslyonnais.customr.fr\/wp-content\/uploads\/2025\/03\/couloirs-hotel-Globe-et-Cecil-Lyon2-400x600.jpg 400w\" sizes=\"auto, (max-width: 720px) 100vw, 720px\" \/><\/a><\/figure>\n\n<h3 class=\"wp-block-post-title\"><a href=\"https:\/\/preprod.lesaubergisteslyonnais.customr.fr\/es\/nuevos-pasillos-en-globe-y-cecil\/\" target=\"_self\" >Nuevos pasillos en Globe y Cecil<\/a><\/h3>\n\n<div class=\"wp-block-post-excerpt has-x-small-font-size\"><p class=\"wp-block-post-excerpt__excerpt\">El hecho de que el Globe et Cecil sea el hotel m\u00e1s antiguo de Lyon que sigue en funcionamiento no significa que no le venga bien un peque\u00f1o lavado de cara.<\/p><p class=\"wp-block-post-excerpt__more-text\"><a class=\"wp-block-post-excerpt__more-link\" href=\"https:\/\/preprod.lesaubergisteslyonnais.customr.fr\/es\/nuevos-pasillos-en-globe-y-cecil\/\">Leer m\u00e1s<\/a><\/p><\/div>\n<\/li><\/ul>\n\n<\/div>\n\n\n\n<div class=\"wp-block-group is-layout-flow wp-block-group-is-layout-flow\" style=\"padding-top:var(--wp--preset--spacing--theme-m);padding-bottom:0\">\n<div class=\"wp-block-buttons is-content-justification-center is-layout-flex wp-container-core-buttons-is-layout-a89b3969 wp-block-buttons-is-layout-flex\">\n<div class=\"wp-block-button is-style-label-button is-style-label-button--1\"><a class=\"wp-block-button__link wp-element-button\" href=\"https:\/\/preprod.lesaubergisteslyonnais.customr.fr\/hotel-charme-4-etoiles\/engagements-rse-mission\/\" style=\"border-style:none;border-width:0px\">Todos nuestros art\u00edculos<\/a><\/div>\n<\/div>\n<\/div>\n\n\n\n<\/section>\n","protected":false},"excerpt":{"rendered":"","protected":false},"author":2,"featured_media":0,"parent":6851,"menu_order":0,"comment_status":"closed","ping_status":"closed","template":"","meta":{"_acf_changed":false,"inline_featured_image":false,"footnotes":""},"class_list":["post-6840","page","type-page","status-publish","hentry"],"acf":[],"yoast_head":"<!-- This site is optimized with the Yoast SEO plugin v26.9 - https:\/\/yoast.com\/product\/yoast-seo-wordpress\/ -->\n<title>Noticias - Les Aubergistes Lyonnais, Hoteles, Restaurantes<\/title>\n<meta name=\"description\" content=\"Les Aubergistes Lyonnais - Encuentre toda la actualidad del grupo hotelero lion\u00e9s. Descubra los hoteles y restaurantes.\" \/>\n<meta name=\"robots\" content=\"noindex, follow, max-snippet:-1, max-image-preview:large, max-video-preview:-1\" \/>\n<meta property=\"og:locale\" content=\"es_ES\" \/>\n<meta property=\"og:type\" content=\"article\" \/>\n<meta property=\"og:title\" content=\"Noticias - Les Aubergistes Lyonnais, Hoteles, Restaurantes\" \/>\n<meta property=\"og:description\" content=\"Les Aubergistes Lyonnais - Encuentre toda la actualidad del grupo hotelero lion\u00e9s. Descubra los hoteles y restaurantes.\" \/>\n<meta property=\"og:url\" content=\"https:\/\/preprod.lesaubergisteslyonnais.customr.fr\/es\/empresa-con-proposito\/nuestras-noticias\/\" \/>\n<meta property=\"og:site_name\" content=\"Les Aubergistes Lyonnais\" \/>\n<meta property=\"article:modified_time\" content=\"2025-06-12T17:01:30+00:00\" \/>\n<meta name=\"twitter:card\" content=\"summary_large_image\" \/>\n<meta name=\"twitter:label1\" content=\"Tiempo de lectura\" \/>\n\t<meta name=\"twitter:data1\" content=\"1 minuto\" \/>\n<script type=\"application\/ld+json\" class=\"yoast-schema-graph\">{\"@context\":\"https:\/\/schema.org\",\"@graph\":[{\"@type\":\"WebPage\",\"@id\":\"https:\/\/preprod.lesaubergisteslyonnais.customr.fr\/es\/empresa-con-proposito\/nuestras-noticias\/\",\"url\":\"https:\/\/preprod.lesaubergisteslyonnais.customr.fr\/es\/empresa-con-proposito\/nuestras-noticias\/\",\"name\":\"Noticias - Les Aubergistes Lyonnais, Hoteles, Restaurantes\",\"isPartOf\":{\"@id\":\"https:\/\/preprod.lesaubergisteslyonnais.customr.fr\/es\/#website\"},\"datePublished\":\"2025-05-26T12:42:13+00:00\",\"dateModified\":\"2025-06-12T17:01:30+00:00\",\"description\":\"Les Aubergistes Lyonnais - Encuentre toda la actualidad del grupo hotelero lion\u00e9s. Descubra los hoteles y restaurantes.\",\"breadcrumb\":{\"@id\":\"https:\/\/preprod.lesaubergisteslyonnais.customr.fr\/es\/empresa-con-proposito\/nuestras-noticias\/#breadcrumb\"},\"inLanguage\":\"es\",\"potentialAction\":[{\"@type\":\"ReadAction\",\"target\":[\"https:\/\/preprod.lesaubergisteslyonnais.customr.fr\/es\/empresa-con-proposito\/nuestras-noticias\/\"]}]},{\"@type\":\"BreadcrumbList\",\"@id\":\"https:\/\/preprod.lesaubergisteslyonnais.customr.fr\/es\/empresa-con-proposito\/nuestras-noticias\/#breadcrumb\",\"itemListElement\":[{\"@type\":\"ListItem\",\"position\":1,\"name\":\"Accueil\",\"item\":\"https:\/\/preprod.lesaubergisteslyonnais.customr.fr\/es\/\"},{\"@type\":\"ListItem\",\"position\":2,\"name\":\"Un grupo hotelero comprometido\",\"item\":\"https:\/\/preprod.lesaubergisteslyonnais.customr.fr\/es\/empresa-con-proposito\/\"},{\"@type\":\"ListItem\",\"position\":3,\"name\":\"Nuestras noticias\"}]},{\"@type\":\"WebSite\",\"@id\":\"https:\/\/preprod.lesaubergisteslyonnais.customr.fr\/es\/#website\",\"url\":\"https:\/\/preprod.lesaubergisteslyonnais.customr.fr\/es\/\",\"name\":\"Globe Cecil\",\"description\":\"\",\"publisher\":{\"@id\":\"https:\/\/preprod.lesaubergisteslyonnais.customr.fr\/es\/#organization\"},\"potentialAction\":[{\"@type\":\"SearchAction\",\"target\":{\"@type\":\"EntryPoint\",\"urlTemplate\":\"https:\/\/preprod.lesaubergisteslyonnais.customr.fr\/es\/?s={search_term_string}\"},\"query-input\":{\"@type\":\"PropertyValueSpecification\",\"valueRequired\":true,\"valueName\":\"search_term_string\"}}],\"inLanguage\":\"es\"},{\"@type\":\"Organization\",\"@id\":\"https:\/\/preprod.lesaubergisteslyonnais.customr.fr\/es\/#organization\",\"name\":\"Globe Cecil\",\"url\":\"https:\/\/preprod.lesaubergisteslyonnais.customr.fr\/es\/\",\"logo\":{\"@type\":\"ImageObject\",\"inLanguage\":\"es\",\"@id\":\"https:\/\/preprod.lesaubergisteslyonnais.customr.fr\/es\/#\/schema\/logo\/image\/\",\"url\":\"https:\/\/preprod.lesaubergisteslyonnais.customr.fr\/wp-content\/uploads\/2025\/05\/LOGO-Aubergistes-Lyonnais-White.svg\",\"contentUrl\":\"https:\/\/preprod.lesaubergisteslyonnais.customr.fr\/wp-content\/uploads\/2025\/05\/LOGO-Aubergistes-Lyonnais-White.svg\",\"width\":558,\"height\":127,\"caption\":\"Globe Cecil\"},\"image\":{\"@id\":\"https:\/\/preprod.lesaubergisteslyonnais.customr.fr\/es\/#\/schema\/logo\/image\/\"}}]}<\/script>\n<!-- \/ Yoast SEO plugin. -->","yoast_head_json":{"title":"Noticias - Les Aubergistes Lyonnais, Hoteles, Restaurantes","description":"Les Aubergistes Lyonnais - Encuentre toda la actualidad del grupo hotelero lion\u00e9s. Descubra los hoteles y restaurantes.","robots":{"index":"noindex","follow":"follow","max-snippet":"max-snippet:-1","max-image-preview":"max-image-preview:large","max-video-preview":"max-video-preview:-1"},"og_locale":"es_ES","og_type":"article","og_title":"Noticias - Les Aubergistes Lyonnais, Hoteles, Restaurantes","og_description":"Les Aubergistes Lyonnais - Encuentre toda la actualidad del grupo hotelero lion\u00e9s. Descubra los hoteles y restaurantes.","og_url":"https:\/\/preprod.lesaubergisteslyonnais.customr.fr\/es\/empresa-con-proposito\/nuestras-noticias\/","og_site_name":"Les Aubergistes Lyonnais","article_modified_time":"2025-06-12T17:01:30+00:00","twitter_card":"summary_large_image","twitter_misc":{"Tiempo de lectura":"1 minuto"},"schema":{"@context":"https:\/\/schema.org","@graph":[{"@type":"WebPage","@id":"https:\/\/preprod.lesaubergisteslyonnais.customr.fr\/es\/empresa-con-proposito\/nuestras-noticias\/","url":"https:\/\/preprod.lesaubergisteslyonnais.customr.fr\/es\/empresa-con-proposito\/nuestras-noticias\/","name":"Noticias - Les Aubergistes Lyonnais, Hoteles, Restaurantes","isPartOf":{"@id":"https:\/\/preprod.lesaubergisteslyonnais.customr.fr\/es\/#website"},"datePublished":"2025-05-26T12:42:13+00:00","dateModified":"2025-06-12T17:01:30+00:00","description":"Les Aubergistes Lyonnais - Encuentre toda la actualidad del grupo hotelero lion\u00e9s. Descubra los hoteles y restaurantes.","breadcrumb":{"@id":"https:\/\/preprod.lesaubergisteslyonnais.customr.fr\/es\/empresa-con-proposito\/nuestras-noticias\/#breadcrumb"},"inLanguage":"es","potentialAction":[{"@type":"ReadAction","target":["https:\/\/preprod.lesaubergisteslyonnais.customr.fr\/es\/empresa-con-proposito\/nuestras-noticias\/"]}]},{"@type":"BreadcrumbList","@id":"https:\/\/preprod.lesaubergisteslyonnais.customr.fr\/es\/empresa-con-proposito\/nuestras-noticias\/#breadcrumb","itemListElement":[{"@type":"ListItem","position":1,"name":"Accueil","item":"https:\/\/preprod.lesaubergisteslyonnais.customr.fr\/es\/"},{"@type":"ListItem","position":2,"name":"Un grupo hotelero comprometido","item":"https:\/\/preprod.lesaubergisteslyonnais.customr.fr\/es\/empresa-con-proposito\/"},{"@type":"ListItem","position":3,"name":"Nuestras noticias"}]},{"@type":"WebSite","@id":"https:\/\/preprod.lesaubergisteslyonnais.customr.fr\/es\/#website","url":"https:\/\/preprod.lesaubergisteslyonnais.customr.fr\/es\/","name":"Globe Cecil","description":"","publisher":{"@id":"https:\/\/preprod.lesaubergisteslyonnais.customr.fr\/es\/#organization"},"potentialAction":[{"@type":"SearchAction","target":{"@type":"EntryPoint","urlTemplate":"https:\/\/preprod.lesaubergisteslyonnais.customr.fr\/es\/?s={search_term_string}"},"query-input":{"@type":"PropertyValueSpecification","valueRequired":true,"valueName":"search_term_string"}}],"inLanguage":"es"},{"@type":"Organization","@id":"https:\/\/preprod.lesaubergisteslyonnais.customr.fr\/es\/#organization","name":"Globe Cecil","url":"https:\/\/preprod.lesaubergisteslyonnais.customr.fr\/es\/","logo":{"@type":"ImageObject","inLanguage":"es","@id":"https:\/\/preprod.lesaubergisteslyonnais.customr.fr\/es\/#\/schema\/logo\/image\/","url":"https:\/\/preprod.lesaubergisteslyonnais.customr.fr\/wp-content\/uploads\/2025\/05\/LOGO-Aubergistes-Lyonnais-White.svg","contentUrl":"https:\/\/preprod.lesaubergisteslyonnais.customr.fr\/wp-content\/uploads\/2025\/05\/LOGO-Aubergistes-Lyonnais-White.svg","width":558,"height":127,"caption":"Globe Cecil"},"image":{"@id":"https:\/\/preprod.lesaubergisteslyonnais.customr.fr\/es\/#\/schema\/logo\/image\/"}}]}},"_links":{"self":[{"href":"https:\/\/preprod.lesaubergisteslyonnais.customr.fr\/es\/wp-json\/wp\/v2\/pages\/6840","targetHints":{"allow":["GET"]}}],"collection":[{"href":"https:\/\/preprod.lesaubergisteslyonnais.customr.fr\/es\/wp-json\/wp\/v2\/pages"}],"about":[{"href":"https:\/\/preprod.lesaubergisteslyonnais.customr.fr\/es\/wp-json\/wp\/v2\/types\/page"}],"author":[{"embeddable":true,"href":"https:\/\/preprod.lesaubergisteslyonnais.customr.fr\/es\/wp-json\/wp\/v2\/users\/2"}],"replies":[{"embeddable":true,"href":"https:\/\/preprod.lesaubergisteslyonnais.customr.fr\/es\/wp-json\/wp\/v2\/comments?post=6840"}],"version-history":[{"count":3,"href":"https:\/\/preprod.lesaubergisteslyonnais.customr.fr\/es\/wp-json\/wp\/v2\/pages\/6840\/revisions"}],"predecessor-version":[{"id":7146,"href":"https:\/\/preprod.lesaubergisteslyonnais.customr.fr\/es\/wp-json\/wp\/v2\/pages\/6840\/revisions\/7146"}],"up":[{"embeddable":true,"href":"https:\/\/preprod.lesaubergisteslyonnais.customr.fr\/es\/wp-json\/wp\/v2\/pages\/6851"}],"wp:attachment":[{"href":"https:\/\/preprod.lesaubergisteslyonnais.customr.fr\/es\/wp-json\/wp\/v2\/media?parent=6840"}],"curies":[{"name":"wp","href":"https:\/\/api.w.org\/{rel}","templated":true}]}}