{"id":6754,"date":"2025-05-26T14:42:13","date_gmt":"2025-05-26T12:42:13","guid":{"rendered":"https:\/\/preprod.lesaubergisteslyonnais.customr.fr\/our-news\/"},"modified":"2025-06-12T18:36:44","modified_gmt":"2025-06-12T16:36:44","slug":"our-news","status":"publish","type":"page","link":"https:\/\/preprod.lesaubergisteslyonnais.customr.fr\/en\/purpose-driven-company\/our-news\/","title":{"rendered":"Our news"},"content":{"rendered":"\n<section class=\"heading wp-elements-3eaa6be75befa512dbbd4bbfe491c40b wp-elements-3eaa6be75befa512dbbd4bbfe491c40b wp-block-acf-heading has-text-color has-primary-color has-background has-white-100-background-color\">\n\t<div class=\"heading__container\">\n\t\t\t\t\t<div class=\"heading__background-picture\">\n\t\t\t\t<img decoding=\"async\" width=\"1620\" height=\"1080\" src=\"https:\/\/preprod.lesaubergisteslyonnais.customr.fr\/wp-content\/uploads\/2025\/05\/Groupe-hotelier-fancais-lyon9.jpg\" class=\"attachment-full size-full\" alt=\"\" fetchpriority=\"high\" srcset=\"https:\/\/preprod.lesaubergisteslyonnais.customr.fr\/wp-content\/uploads\/2025\/05\/Groupe-hotelier-fancais-lyon9.jpg 1620w, https:\/\/preprod.lesaubergisteslyonnais.customr.fr\/wp-content\/uploads\/2025\/05\/Groupe-hotelier-fancais-lyon9-600x400.jpg 600w, https:\/\/preprod.lesaubergisteslyonnais.customr.fr\/wp-content\/uploads\/2025\/05\/Groupe-hotelier-fancais-lyon9-1400x933.jpg 1400w, https:\/\/preprod.lesaubergisteslyonnais.customr.fr\/wp-content\/uploads\/2025\/05\/Groupe-hotelier-fancais-lyon9-768x512.jpg 768w, https:\/\/preprod.lesaubergisteslyonnais.customr.fr\/wp-content\/uploads\/2025\/05\/Groupe-hotelier-fancais-lyon9-1536x1024.jpg 1536w\" sizes=\"(max-width: 1620px) 100vw, 1620px\" \/>\t\t\t<\/div>\n\t\t\t\t<div class=\"heading__layout\">\n\t\t\t<div class=\"heading__content-wrapper has-white-100-background-color\">\n\t\t\t\t<div class=\"heading__content has-white-100-background-color\">\n\t\t\t\t\t\t\t\t\t<p id=\"breadcrumbs\"><span><span><a href=\"https:\/\/preprod.lesaubergisteslyonnais.customr.fr\/en\/\">Accueil<\/a><\/span><\/span><\/p>\t\t\t\t\t\t\t\t\t<div class=\"acf-innerblocks-container\">\n\n<div class=\"wp-block-group heading-content-group is-layout-grid wp-container-core-group-is-layout-96b258e4 wp-block-group-is-layout-grid\">\n<h1 class=\"wp-block-heading has-text-align-left heading__title has-primary-color has-text-color has-xx-large-font-size wp-container-content-32a3e683\">Our news<\/h1>\n<\/div>\n\n<\/div>\n\t\t\t\t<\/div>\n\t\t\t\t\t\t\t\t<div class=\"heading__illustration illustration-with-parallax\">\n\t\t\t\t\t<img decoding=\"async\" width=\"350\" height=\"350\" src=\"https:\/\/preprod.lesaubergisteslyonnais.customr.fr\/wp-content\/uploads\/2025\/04\/ENCRIER.png\" class=\"attachment-full size-full\" alt=\"ENCRIER\" fetchpriority=\"high\" srcset=\"https:\/\/preprod.lesaubergisteslyonnais.customr.fr\/wp-content\/uploads\/2025\/04\/ENCRIER.png 350w, https:\/\/preprod.lesaubergisteslyonnais.customr.fr\/wp-content\/uploads\/2025\/04\/ENCRIER-300x300.png 300w\" sizes=\"(max-width: 350px) 100vw, 350px\" \/>\t\t\t\t<\/div>\n\t\t\t\t\t\t\t<\/div>\n\t\t<\/div>\n\t<\/div>\n<\/section>\n\n\n\t<section\n\t\tstyle=\"padding-top:var(--wp--preset--spacing--theme-default);padding-bottom:var(--wp--preset--spacing--theme-default);\" class=\"block-container align wp-block-acf-block-container has-background has-white-background-color has-global-padding is-layout-constrained wp-block-acf-block-container-is-layout-constrained\"\t>\n\n\t\n\n<div class=\"wp-block-group is-layout-flow wp-block-group-is-layout-flow\" style=\"padding-bottom:var(--wp--preset--spacing--theme-m)\">\n<p class=\"has-text-align-left has-large-font-size\">The daily life of an independent French hotel group?<\/p>\n\n\n\n<p>As the magazine is our preferred means of communication (because, yes, we do put our heart into it), it&#8217;s also the ideal place to present you with our little news and\/or big novelties! 3&#8230;2&#8230;1&#8230;This is the place to be! <\/p>\n<\/div>\n\n\n\n<div class=\"wp-block-query alignwide has-global-padding is-layout-constrained wp-block-query-is-layout-constrained\"><ul class=\"columns-2 alignwide wp-block-post-template is-layout-grid wp-container-core-post-template-is-layout-d35acac1 wp-block-post-template-is-layout-grid\"><li class=\"wp-block-post post-6788 post type-post status-publish format-standard has-post-thumbnail hentry category-collection-news\">\n<figure style=\"aspect-ratio:16\/9; padding-top:0;padding-bottom:0;\" class=\"wp-block-post-featured-image\"><a href=\"https:\/\/preprod.lesaubergisteslyonnais.customr.fr\/en\/blog\/courir-pour-elles-2025\/\" target=\"_self\"  ><img loading=\"lazy\" decoding=\"async\" width=\"1440\" height=\"1080\" src=\"https:\/\/preprod.lesaubergisteslyonnais.customr.fr\/wp-content\/uploads\/2025\/05\/hotel-engage-et-solidaire-a-lyon.jpeg\" class=\"attachment-post-thumbnail size-post-thumbnail wp-post-image\" alt=\"Run for them 2025\" style=\"width:100%;height:100%;object-fit:cover;\" srcset=\"https:\/\/preprod.lesaubergisteslyonnais.customr.fr\/wp-content\/uploads\/2025\/05\/hotel-engage-et-solidaire-a-lyon.jpeg 1440w, https:\/\/preprod.lesaubergisteslyonnais.customr.fr\/wp-content\/uploads\/2025\/05\/hotel-engage-et-solidaire-a-lyon-600x450.jpeg 600w, https:\/\/preprod.lesaubergisteslyonnais.customr.fr\/wp-content\/uploads\/2025\/05\/hotel-engage-et-solidaire-a-lyon-1400x1050.jpeg 1400w, https:\/\/preprod.lesaubergisteslyonnais.customr.fr\/wp-content\/uploads\/2025\/05\/hotel-engage-et-solidaire-a-lyon-768x576.jpeg 768w\" sizes=\"auto, (max-width: 1440px) 100vw, 1440px\" \/><\/a><\/figure>\n\n<h3 class=\"wp-block-post-title\"><a href=\"https:\/\/preprod.lesaubergisteslyonnais.customr.fr\/en\/blog\/courir-pour-elles-2025\/\" target=\"_self\" >Run for them 2025<\/a><\/h3>\n\n<div class=\"wp-block-post-excerpt has-x-small-font-size\"><p class=\"wp-block-post-excerpt__excerpt\">The Aubergistes Lyonnais et Citoyens ran in support of the fight against cancer.<\/p><p class=\"wp-block-post-excerpt__more-text\"><a class=\"wp-block-post-excerpt__more-link\" href=\"https:\/\/preprod.lesaubergisteslyonnais.customr.fr\/en\/blog\/courir-pour-elles-2025\/\">Read more<\/a><\/p><\/div>\n<\/li><li class=\"wp-block-post post-7401 post type-post status-publish format-standard has-post-thumbnail hentry category-collection-news\">\n<figure style=\"aspect-ratio:16\/9; padding-top:0;padding-bottom:0;\" class=\"wp-block-post-featured-image\"><a href=\"https:\/\/preprod.lesaubergisteslyonnais.customr.fr\/en\/new-corridors-at-globe-and-cecil\/\" target=\"_self\"  ><img loading=\"lazy\" decoding=\"async\" width=\"720\" height=\"1080\" src=\"https:\/\/preprod.lesaubergisteslyonnais.customr.fr\/wp-content\/uploads\/2025\/03\/couloirs-hotel-Globe-et-Cecil-Lyon2.jpg\" class=\"attachment-post-thumbnail size-post-thumbnail wp-post-image\" alt=\"New corridors at Globe and Cecil\" style=\"width:100%;height:100%;object-fit:cover;\" srcset=\"https:\/\/preprod.lesaubergisteslyonnais.customr.fr\/wp-content\/uploads\/2025\/03\/couloirs-hotel-Globe-et-Cecil-Lyon2.jpg 720w, https:\/\/preprod.lesaubergisteslyonnais.customr.fr\/wp-content\/uploads\/2025\/03\/couloirs-hotel-Globe-et-Cecil-Lyon2-400x600.jpg 400w\" sizes=\"auto, (max-width: 720px) 100vw, 720px\" \/><\/a><\/figure>\n\n<h3 class=\"wp-block-post-title\"><a href=\"https:\/\/preprod.lesaubergisteslyonnais.customr.fr\/en\/new-corridors-at-globe-and-cecil\/\" target=\"_self\" >New corridors at Globe and Cecil<\/a><\/h3>\n\n<div class=\"wp-block-post-excerpt has-x-small-font-size\"><p class=\"wp-block-post-excerpt__excerpt\">Just because the Globe et Cecil is Lyon&#8217;s oldest hotel still in operation doesn&#8217;t mean it can&#8217;t use a little facelift!<\/p><p class=\"wp-block-post-excerpt__more-text\"><a class=\"wp-block-post-excerpt__more-link\" href=\"https:\/\/preprod.lesaubergisteslyonnais.customr.fr\/en\/new-corridors-at-globe-and-cecil\/\">Read more<\/a><\/p><\/div>\n<\/li><\/ul>\n\n<\/div>\n\n\n\n<div class=\"wp-block-group is-layout-flow wp-block-group-is-layout-flow\" style=\"padding-top:var(--wp--preset--spacing--theme-m);padding-bottom:0\">\n<div class=\"wp-block-buttons is-content-justification-center is-layout-flex wp-container-core-buttons-is-layout-a89b3969 wp-block-buttons-is-layout-flex\">\n<div class=\"wp-block-button is-style-label-button is-style-label-button--1\"><a class=\"wp-block-button__link wp-element-button\" href=\"https:\/\/preprod.lesaubergisteslyonnais.customr.fr\/hotel-charme-4-etoiles\/engagements-rse-mission\/\" style=\"border-style:none;border-width:0px\">All our artcicles<\/a><\/div>\n<\/div>\n<\/div>\n\n\n\n<\/section>\n","protected":false},"excerpt":{"rendered":"","protected":false},"author":2,"featured_media":0,"parent":1808,"menu_order":0,"comment_status":"closed","ping_status":"closed","template":"","meta":{"_acf_changed":false,"inline_featured_image":false,"footnotes":""},"class_list":["post-6754","page","type-page","status-publish","hentry"],"acf":[],"yoast_head":"<!-- This site is optimized with the Yoast SEO plugin v26.9 - https:\/\/yoast.com\/product\/yoast-seo-wordpress\/ -->\n<title>News - Les Aubergistes Lyonnais, Hotels, Restaurants<\/title>\n<meta name=\"description\" content=\"Les Aubergistes Lyonnais - All the latest news from the Lyon hotel group. Discover the hotels and restaurants.\" \/>\n<meta name=\"robots\" content=\"noindex, follow, max-snippet:-1, max-image-preview:large, max-video-preview:-1\" \/>\n<meta property=\"og:locale\" content=\"en_US\" \/>\n<meta property=\"og:type\" content=\"article\" \/>\n<meta property=\"og:title\" content=\"News - Les Aubergistes Lyonnais, Hotels, Restaurants\" \/>\n<meta property=\"og:description\" content=\"Les Aubergistes Lyonnais - All the latest news from the Lyon hotel group. Discover the hotels and restaurants.\" \/>\n<meta property=\"og:url\" content=\"https:\/\/preprod.lesaubergisteslyonnais.customr.fr\/en\/purpose-driven-company\/our-news\/\" \/>\n<meta property=\"og:site_name\" content=\"Les Aubergistes Lyonnais\" \/>\n<meta property=\"article:modified_time\" content=\"2025-06-12T16:36:44+00:00\" \/>\n<meta name=\"twitter:card\" content=\"summary_large_image\" \/>\n<meta name=\"twitter:label1\" content=\"Est. reading time\" \/>\n\t<meta name=\"twitter:data1\" content=\"1 minute\" \/>\n<script type=\"application\/ld+json\" class=\"yoast-schema-graph\">{\"@context\":\"https:\/\/schema.org\",\"@graph\":[{\"@type\":\"WebPage\",\"@id\":\"https:\/\/preprod.lesaubergisteslyonnais.customr.fr\/en\/purpose-driven-company\/our-news\/\",\"url\":\"https:\/\/preprod.lesaubergisteslyonnais.customr.fr\/en\/purpose-driven-company\/our-news\/\",\"name\":\"News - Les Aubergistes Lyonnais, Hotels, Restaurants\",\"isPartOf\":{\"@id\":\"https:\/\/preprod.lesaubergisteslyonnais.customr.fr\/en\/#website\"},\"datePublished\":\"2025-05-26T12:42:13+00:00\",\"dateModified\":\"2025-06-12T16:36:44+00:00\",\"description\":\"Les Aubergistes Lyonnais - All the latest news from the Lyon hotel group. Discover the hotels and restaurants.\",\"breadcrumb\":{\"@id\":\"https:\/\/preprod.lesaubergisteslyonnais.customr.fr\/en\/purpose-driven-company\/our-news\/#breadcrumb\"},\"inLanguage\":\"en-US\",\"potentialAction\":[{\"@type\":\"ReadAction\",\"target\":[\"https:\/\/preprod.lesaubergisteslyonnais.customr.fr\/en\/purpose-driven-company\/our-news\/\"]}]},{\"@type\":\"BreadcrumbList\",\"@id\":\"https:\/\/preprod.lesaubergisteslyonnais.customr.fr\/en\/purpose-driven-company\/our-news\/#breadcrumb\",\"itemListElement\":[{\"@type\":\"ListItem\",\"position\":1,\"name\":\"Accueil\",\"item\":\"https:\/\/preprod.lesaubergisteslyonnais.customr.fr\/en\/\"},{\"@type\":\"ListItem\",\"position\":2,\"name\":\"A committed hotel group\",\"item\":\"https:\/\/preprod.lesaubergisteslyonnais.customr.fr\/en\/purpose-driven-company\/\"},{\"@type\":\"ListItem\",\"position\":3,\"name\":\"Our news\"}]},{\"@type\":\"WebSite\",\"@id\":\"https:\/\/preprod.lesaubergisteslyonnais.customr.fr\/en\/#website\",\"url\":\"https:\/\/preprod.lesaubergisteslyonnais.customr.fr\/en\/\",\"name\":\"Globe Cecil\",\"description\":\"H\u00f4tel 4 \u00e9toiles \u00e0 Lyon\",\"publisher\":{\"@id\":\"https:\/\/preprod.lesaubergisteslyonnais.customr.fr\/en\/#organization\"},\"potentialAction\":[{\"@type\":\"SearchAction\",\"target\":{\"@type\":\"EntryPoint\",\"urlTemplate\":\"https:\/\/preprod.lesaubergisteslyonnais.customr.fr\/en\/?s={search_term_string}\"},\"query-input\":{\"@type\":\"PropertyValueSpecification\",\"valueRequired\":true,\"valueName\":\"search_term_string\"}}],\"inLanguage\":\"en-US\"},{\"@type\":\"Organization\",\"@id\":\"https:\/\/preprod.lesaubergisteslyonnais.customr.fr\/en\/#organization\",\"name\":\"Globe Cecil\",\"url\":\"https:\/\/preprod.lesaubergisteslyonnais.customr.fr\/en\/\",\"logo\":{\"@type\":\"ImageObject\",\"inLanguage\":\"en-US\",\"@id\":\"https:\/\/preprod.lesaubergisteslyonnais.customr.fr\/en\/#\/schema\/logo\/image\/\",\"url\":\"https:\/\/preprod.lesaubergisteslyonnais.customr.fr\/wp-content\/uploads\/2025\/05\/LOGO-Aubergistes-Lyonnais-White.svg\",\"contentUrl\":\"https:\/\/preprod.lesaubergisteslyonnais.customr.fr\/wp-content\/uploads\/2025\/05\/LOGO-Aubergistes-Lyonnais-White.svg\",\"width\":558,\"height\":127,\"caption\":\"Globe Cecil\"},\"image\":{\"@id\":\"https:\/\/preprod.lesaubergisteslyonnais.customr.fr\/en\/#\/schema\/logo\/image\/\"}}]}<\/script>\n<!-- \/ Yoast SEO plugin. -->","yoast_head_json":{"title":"News - Les Aubergistes Lyonnais, Hotels, Restaurants","description":"Les Aubergistes Lyonnais - All the latest news from the Lyon hotel group. Discover the hotels and restaurants.","robots":{"index":"noindex","follow":"follow","max-snippet":"max-snippet:-1","max-image-preview":"max-image-preview:large","max-video-preview":"max-video-preview:-1"},"og_locale":"en_US","og_type":"article","og_title":"News - Les Aubergistes Lyonnais, Hotels, Restaurants","og_description":"Les Aubergistes Lyonnais - All the latest news from the Lyon hotel group. Discover the hotels and restaurants.","og_url":"https:\/\/preprod.lesaubergisteslyonnais.customr.fr\/en\/purpose-driven-company\/our-news\/","og_site_name":"Les Aubergistes Lyonnais","article_modified_time":"2025-06-12T16:36:44+00:00","twitter_card":"summary_large_image","twitter_misc":{"Est. reading time":"1 minute"},"schema":{"@context":"https:\/\/schema.org","@graph":[{"@type":"WebPage","@id":"https:\/\/preprod.lesaubergisteslyonnais.customr.fr\/en\/purpose-driven-company\/our-news\/","url":"https:\/\/preprod.lesaubergisteslyonnais.customr.fr\/en\/purpose-driven-company\/our-news\/","name":"News - Les Aubergistes Lyonnais, Hotels, Restaurants","isPartOf":{"@id":"https:\/\/preprod.lesaubergisteslyonnais.customr.fr\/en\/#website"},"datePublished":"2025-05-26T12:42:13+00:00","dateModified":"2025-06-12T16:36:44+00:00","description":"Les Aubergistes Lyonnais - All the latest news from the Lyon hotel group. Discover the hotels and restaurants.","breadcrumb":{"@id":"https:\/\/preprod.lesaubergisteslyonnais.customr.fr\/en\/purpose-driven-company\/our-news\/#breadcrumb"},"inLanguage":"en-US","potentialAction":[{"@type":"ReadAction","target":["https:\/\/preprod.lesaubergisteslyonnais.customr.fr\/en\/purpose-driven-company\/our-news\/"]}]},{"@type":"BreadcrumbList","@id":"https:\/\/preprod.lesaubergisteslyonnais.customr.fr\/en\/purpose-driven-company\/our-news\/#breadcrumb","itemListElement":[{"@type":"ListItem","position":1,"name":"Accueil","item":"https:\/\/preprod.lesaubergisteslyonnais.customr.fr\/en\/"},{"@type":"ListItem","position":2,"name":"A committed hotel group","item":"https:\/\/preprod.lesaubergisteslyonnais.customr.fr\/en\/purpose-driven-company\/"},{"@type":"ListItem","position":3,"name":"Our news"}]},{"@type":"WebSite","@id":"https:\/\/preprod.lesaubergisteslyonnais.customr.fr\/en\/#website","url":"https:\/\/preprod.lesaubergisteslyonnais.customr.fr\/en\/","name":"Globe Cecil","description":"H\u00f4tel 4 \u00e9toiles \u00e0 Lyon","publisher":{"@id":"https:\/\/preprod.lesaubergisteslyonnais.customr.fr\/en\/#organization"},"potentialAction":[{"@type":"SearchAction","target":{"@type":"EntryPoint","urlTemplate":"https:\/\/preprod.lesaubergisteslyonnais.customr.fr\/en\/?s={search_term_string}"},"query-input":{"@type":"PropertyValueSpecification","valueRequired":true,"valueName":"search_term_string"}}],"inLanguage":"en-US"},{"@type":"Organization","@id":"https:\/\/preprod.lesaubergisteslyonnais.customr.fr\/en\/#organization","name":"Globe Cecil","url":"https:\/\/preprod.lesaubergisteslyonnais.customr.fr\/en\/","logo":{"@type":"ImageObject","inLanguage":"en-US","@id":"https:\/\/preprod.lesaubergisteslyonnais.customr.fr\/en\/#\/schema\/logo\/image\/","url":"https:\/\/preprod.lesaubergisteslyonnais.customr.fr\/wp-content\/uploads\/2025\/05\/LOGO-Aubergistes-Lyonnais-White.svg","contentUrl":"https:\/\/preprod.lesaubergisteslyonnais.customr.fr\/wp-content\/uploads\/2025\/05\/LOGO-Aubergistes-Lyonnais-White.svg","width":558,"height":127,"caption":"Globe Cecil"},"image":{"@id":"https:\/\/preprod.lesaubergisteslyonnais.customr.fr\/en\/#\/schema\/logo\/image\/"}}]}},"_links":{"self":[{"href":"https:\/\/preprod.lesaubergisteslyonnais.customr.fr\/en\/wp-json\/wp\/v2\/pages\/6754","targetHints":{"allow":["GET"]}}],"collection":[{"href":"https:\/\/preprod.lesaubergisteslyonnais.customr.fr\/en\/wp-json\/wp\/v2\/pages"}],"about":[{"href":"https:\/\/preprod.lesaubergisteslyonnais.customr.fr\/en\/wp-json\/wp\/v2\/types\/page"}],"author":[{"embeddable":true,"href":"https:\/\/preprod.lesaubergisteslyonnais.customr.fr\/en\/wp-json\/wp\/v2\/users\/2"}],"replies":[{"embeddable":true,"href":"https:\/\/preprod.lesaubergisteslyonnais.customr.fr\/en\/wp-json\/wp\/v2\/comments?post=6754"}],"version-history":[{"count":3,"href":"https:\/\/preprod.lesaubergisteslyonnais.customr.fr\/en\/wp-json\/wp\/v2\/pages\/6754\/revisions"}],"predecessor-version":[{"id":7144,"href":"https:\/\/preprod.lesaubergisteslyonnais.customr.fr\/en\/wp-json\/wp\/v2\/pages\/6754\/revisions\/7144"}],"up":[{"embeddable":true,"href":"https:\/\/preprod.lesaubergisteslyonnais.customr.fr\/en\/wp-json\/wp\/v2\/pages\/1808"}],"wp:attachment":[{"href":"https:\/\/preprod.lesaubergisteslyonnais.customr.fr\/en\/wp-json\/wp\/v2\/media?parent=6754"}],"curies":[{"name":"wp","href":"https:\/\/api.w.org\/{rel}","templated":true}]}}