{"id":1832,"date":"2025-04-16T17:40:08","date_gmt":"2025-04-16T15:40:08","guid":{"rendered":"https:\/\/preprod.lesaubergisteslyonnais.customr.fr\/mentions-legales-en\/"},"modified":"2025-06-06T13:52:25","modified_gmt":"2025-06-06T11:52:25","slug":"legal-notices","status":"publish","type":"page","link":"https:\/\/preprod.lesaubergisteslyonnais.customr.fr\/en\/full-marks\/","title":{"rendered":"Mentions l\u00e9gales-en"},"content":{"rendered":"\n<section class=\"heading wp-elements-d27614f62ad1ba3ade88376d2e2c1c16 wp-elements-d27614f62ad1ba3ade88376d2e2c1c16 wp-block-acf-heading has-text-color has-primary-color has-background has-white-100-background-color\">\n\t<div class=\"heading__container\">\n\t\t\t\t\t<div class=\"heading__background-picture\">\n\t\t\t\t<img decoding=\"async\" width=\"1920\" height=\"1280\" src=\"https:\/\/preprod.lesaubergisteslyonnais.customr.fr\/wp-content\/uploads\/2025\/03\/meilleur-hotel-de-lyon-centre.jpg\" class=\"attachment-full size-full\" alt=\"\" fetchpriority=\"high\" srcset=\"https:\/\/preprod.lesaubergisteslyonnais.customr.fr\/wp-content\/uploads\/2025\/03\/meilleur-hotel-de-lyon-centre.jpg 1920w, https:\/\/preprod.lesaubergisteslyonnais.customr.fr\/wp-content\/uploads\/2025\/03\/meilleur-hotel-de-lyon-centre-300x200.jpg 300w, https:\/\/preprod.lesaubergisteslyonnais.customr.fr\/wp-content\/uploads\/2025\/03\/meilleur-hotel-de-lyon-centre-1024x683.jpg 1024w, https:\/\/preprod.lesaubergisteslyonnais.customr.fr\/wp-content\/uploads\/2025\/03\/meilleur-hotel-de-lyon-centre-768x512.jpg 768w, https:\/\/preprod.lesaubergisteslyonnais.customr.fr\/wp-content\/uploads\/2025\/03\/meilleur-hotel-de-lyon-centre-1536x1024.jpg 1536w\" sizes=\"(max-width: 1920px) 100vw, 1920px\" \/>\t\t\t<\/div>\n\t\t\t\t<div class=\"heading__layout\">\n\t\t\t<div class=\"heading__content-wrapper has-white-100-background-color\">\n\t\t\t\t<div class=\"heading__content has-white-100-background-color\">\n\t\t\t\t\t\t\t\t\t<p id=\"breadcrumbs\"><span><span><a href=\"https:\/\/preprod.lesaubergisteslyonnais.customr.fr\/en\/\">Accueil<\/a><\/span><\/span><\/p>\t\t\t\t\t\t\t\t\t<div class=\"acf-innerblocks-container\">\n\n<div class=\"wp-block-group heading-content-group is-layout-grid wp-container-core-group-is-layout-96b258e4 wp-block-group-is-layout-grid\">\n<h1 class=\"wp-block-heading has-text-align-left heading__title has-primary-color has-text-color has-xx-large-font-size wp-container-content-32a3e683\">Mentions l\u00e9gales-en<\/h1>\n<\/div>\n\n<\/div>\n\t\t\t\t<\/div>\n\t\t\t\t\t\t\t\t<div class=\"heading__illustration illustration-with-parallax\">\n\t\t\t\t\t<img decoding=\"async\" width=\"350\" height=\"350\" src=\"https:\/\/preprod.lesaubergisteslyonnais.customr.fr\/wp-content\/uploads\/2025\/04\/ENCRIER.png\" class=\"attachment-full size-full\" alt=\"ENCRIER\" fetchpriority=\"high\" srcset=\"https:\/\/preprod.lesaubergisteslyonnais.customr.fr\/wp-content\/uploads\/2025\/04\/ENCRIER.png 350w, https:\/\/preprod.lesaubergisteslyonnais.customr.fr\/wp-content\/uploads\/2025\/04\/ENCRIER-300x300.png 300w\" sizes=\"(max-width: 350px) 100vw, 350px\" \/>\t\t\t\t<\/div>\n\t\t\t\t\t\t\t<\/div>\n\t\t<\/div>\n\t<\/div>\n<\/section>\n\n\n\t<section\n\t\tstyle=\"padding-top:var(--wp--preset--spacing--theme-default);padding-bottom:var(--wp--preset--spacing--theme-default);\" class=\"block-container align wp-block-acf-block-container has-background has-white-background-color is-layout-flow wp-block-acf-block-container-is-layout-flow\"\t>\n\n\t\n\n<div class=\"wp-block-group has-global-padding is-layout-constrained wp-block-group-is-layout-constrained\">\n<h3 class=\"wp-block-heading has-text-align-left\">1. Informations l\u00e9gales<\/h3>\n\n\n\n<p>In accordance with the provisions of Articles 6-III and 19 of the French Law on Confidence in the Digital Economy, we hereby inform you that:<br\/>This website, whose domain name is globeetcecilhotel.com, was published by Agence CustomR. SARL, a marketing agency located at 5 Quai Hippolyte Ja\u00ffr, 69009 Lyon. <\/p>\n\n\n\n<p>Pour :<br\/>L\u2019h\u00f4tel Globe&amp;Cecil situ\u00e9 au 21 rue Gasparin 69002 Lyon.<br\/>Le directeur de la publication du site est M Lo\u00efc Renart, directeur de l\u2019h\u00f4tel Globe&amp;Cecil.<br\/>L\u2019h\u00f4tel Globe&amp;Cecil, est une structure de type SASU ayant pour Pr\u00e9sident : M Lo\u00efc Renart.<br\/>SIRET : 412 361 107 00011<br\/>Activit\u00e9 : H\u00f4tels et h\u00e9bergement similaire (5510Z)<\/p>\n\n\n\n<p>Num\u00e9ro d\u00e9claration \u00e0 la CNIL : en cours d\u2019actualisation (Juin 2021)<\/p>\n\n\n\n<p>Le pr\u00e9sent site internet est h\u00e9berg\u00e9 par la soci\u00e9t\u00e9 CustomR.<\/p>\n\n\n\n<h3 class=\"wp-block-heading has-text-align-left\">2. Limitation de responsabilit\u00e9<\/h3>\n\n\n\n<p>The user acknowledges having read these conditions of use and undertakes to comply with them. Users of the globeetcecilhotel.com website acknowledge that they have the skills and resources required to access and use this site. <\/p>\n\n\n\n<p>Users of the globeetcecilhotel.com website acknowledge that they have checked that the computer configuration used does not contain any viruses and that it is in perfect working order. The Globe &amp; Cecil hotel, through the CustomR service provider, makes every effort to offer users information and\/or tools that are available and verified, but cannot be held responsible for errors, lack of availability of functions and\/or the presence of viruses on the site.<br\/>The information provided by the Globe &amp; Cecil hotel is given for information purposes only and does not exempt the user from carrying out an additional, personalised analysis. <\/p>\n\n\n\n<h3 class=\"wp-block-heading has-text-align-left\">3. Cookies<\/h3>\n\n\n\n<p>This website uses cookies for statistical purposes ( to analyse visits and interactions) . No other use is made of these cookies, either for advertising purposes or to protect the privacy of Internet users.<br\/>By browsing this site you accept theuse of our cookies to optimise visitor statistics.<br\/>Users are informed that when they visit the site, a cookie may be automatically installed on their browser. A cookie is a block of data that does not enable users to be identified but is used to record information about the user &#8216;s browsing on the site.on the site.  <\/p>\n\n\n\n<p>Users can set their browser software to notify them of the presence of cookies and, if necessary, refuse to accept them. The user has all the aforementioned rights with regard to personal data communicated via cookies under the conditions indicated above. <\/p>\n\n\n\n<p>Les utilisateurs du site internet globeetcecilhotel.com sont tenus de respecter les dispositions de la loi n\u00b078-17 du 6 janvier 1978 modifi\u00e9e, relative \u00e0 l\u2019informatique, aux fichiers et aux libert\u00e9s, dont la violation est passible de sanctions p\u00e9nales.<br\/>Ils doivent notamment s\u2019abstenir, s\u2019agissant des informations \u00e0 caract\u00e8re personnel auxquelles ils acc\u00e8dent ou pourraient acc\u00e9der, de toute collecte, de toute utilisation d\u00e9tourn\u00e9e d\u2019une mani\u00e8re g\u00e9n\u00e9rale, de tout acte susceptible de porter atteinte \u00e0 la vie priv\u00e9e ou \u00e0 la r\u00e9putation des personnes.<\/p>\n\n\n\n<h3 class=\"wp-block-heading has-text-align-left\">4. Propri\u00e9t\u00e9 intellectuelle<\/h3>\n\n\n\n<p>This website has been built on an open-source basis using the WordPress CMS. The WordPress CMS is licensed under the GPL.<br\/>Unless explicitly stated otherwise, the documents downloadable from this website are subject to copyright, which prohibits their reproduction and modification. <\/p>\n\n\n\n<p>Commercial use: You do not have the right to use this creation for commercial purposes or to share the initial conditions identically. If you modify, transform or adapt this work, you may only distribute the resulting work under a licence identical to this one, and you must reproduce the Creative Commons BY-NC-SA licence notice for each re-use or distribution. <\/p>\n\n\n\n<p>Any total or partial representation of this website or its content by any person whatsoever without the express written authorisation of the Globe &amp; Cecil Hotel is prohibited and constitutes an infringement punishable by articles L. 335-2 et seq. of the French Intellectual Property Code, which defines infringement as an offence punishable by up to three years&#8217; imprisonment and a fine of 300,000 euros. The same applies to any databases appearing on the website, which are protected by the provisions of the law of 1 July 1998 transposing the directive of 11 March 1996 on the legal protection of databases into the French Intellectual Property Code, and of which Hotel Globe &amp; Cecil is the producer. <br\/>L\u2019h\u00f4tel Globe&amp;Cecil ne saurait \u00eatre responsable de l\u2019acc\u00e8s par les utilisateurs via les liens hypertextes mis en place dans le cadre du site internet en direction d\u2019autres ressources pr\u00e9sentes sur le r\u00e9seau des internautes naviguant sur le pr\u00e9sent site.<br\/>Any dispute relating to the use of the globeetcecilhotel.com website is subject to French law. The user acknowledges the exclusive jurisdiction of the competent courts of Lyon. <\/p>\n\n\n\n<h3 class=\"wp-block-heading has-text-align-left\">5. Droit d\u2019auteur et Copyright<\/h3>\n\n\n\n<p>L\u2019ensemble des textes et photos d\u2019illustration pr\u00e9sent\u00e9s sur ce site sont l\u2019\u0153uvre de l\u2019\u00e9quipe des Aubergistes Lyonnais.<br\/>Toute utilisation totale, partielle ou modifi\u00e9e sans l\u2019accord de l\u2019auteur repr\u00e9sente un non-respect du droit d\u2019auteur et expose \u00e0 des sanctions financi\u00e8res et p\u00e9nales.<\/p>\n\n\n\n<p>Photo credits in our homes: \u00a9 Eva Luquet, Marine Piolat, No\u00e9mie Frechet, Les Margoulettes, Dissidentia, Pixploration, Marian Carletti, Aude Lema\u00eetre, Cedric Rouillat, BonsoirColomba, Laurianne Rieffelkast, Lucile Bohlinger.<\/p>\n<\/div>\n\n\n\n<\/section>\n","protected":false},"excerpt":{"rendered":"","protected":false},"author":2,"featured_media":0,"parent":0,"menu_order":0,"comment_status":"closed","ping_status":"closed","template":"","meta":{"_acf_changed":false,"inline_featured_image":false,"footnotes":""},"class_list":["post-1832","page","type-page","status-publish","hentry"],"acf":[],"yoast_head":"<!-- This site is optimized with the Yoast SEO plugin v26.9 - https:\/\/yoast.com\/product\/yoast-seo-wordpress\/ -->\n<title>Mentions l\u00e9gales-en - Les Aubergistes Lyonnais<\/title>\n<meta name=\"robots\" content=\"noindex, follow\" \/>\n<meta property=\"og:locale\" content=\"en_US\" \/>\n<meta property=\"og:type\" content=\"article\" \/>\n<meta property=\"og:title\" content=\"Mentions l\u00e9gales-en - Les Aubergistes Lyonnais\" \/>\n<meta property=\"og:url\" content=\"https:\/\/preprod.lesaubergisteslyonnais.customr.fr\/en\/full-marks\/\" \/>\n<meta property=\"og:site_name\" content=\"Les Aubergistes Lyonnais\" \/>\n<meta property=\"article:modified_time\" content=\"2025-06-06T11:52:25+00:00\" \/>\n<meta name=\"twitter:card\" content=\"summary_large_image\" \/>\n<meta name=\"twitter:label1\" content=\"Est. reading time\" \/>\n\t<meta name=\"twitter:data1\" content=\"4 minutes\" \/>\n<script type=\"application\/ld+json\" class=\"yoast-schema-graph\">{\"@context\":\"https:\/\/schema.org\",\"@graph\":[{\"@type\":\"WebPage\",\"@id\":\"https:\/\/preprod.lesaubergisteslyonnais.customr.fr\/en\/full-marks\/\",\"url\":\"https:\/\/preprod.lesaubergisteslyonnais.customr.fr\/en\/full-marks\/\",\"name\":\"Mentions l\u00e9gales-en - Les Aubergistes Lyonnais\",\"isPartOf\":{\"@id\":\"https:\/\/preprod.lesaubergisteslyonnais.customr.fr\/en\/#website\"},\"datePublished\":\"2025-04-16T15:40:08+00:00\",\"dateModified\":\"2025-06-06T11:52:25+00:00\",\"breadcrumb\":{\"@id\":\"https:\/\/preprod.lesaubergisteslyonnais.customr.fr\/en\/full-marks\/#breadcrumb\"},\"inLanguage\":\"en-US\",\"potentialAction\":[{\"@type\":\"ReadAction\",\"target\":[\"https:\/\/preprod.lesaubergisteslyonnais.customr.fr\/en\/full-marks\/\"]}]},{\"@type\":\"BreadcrumbList\",\"@id\":\"https:\/\/preprod.lesaubergisteslyonnais.customr.fr\/en\/full-marks\/#breadcrumb\",\"itemListElement\":[{\"@type\":\"ListItem\",\"position\":1,\"name\":\"Accueil\",\"item\":\"https:\/\/preprod.lesaubergisteslyonnais.customr.fr\/en\/\"},{\"@type\":\"ListItem\",\"position\":2,\"name\":\"Mentions l\u00e9gales-en\"}]},{\"@type\":\"WebSite\",\"@id\":\"https:\/\/preprod.lesaubergisteslyonnais.customr.fr\/en\/#website\",\"url\":\"https:\/\/preprod.lesaubergisteslyonnais.customr.fr\/en\/\",\"name\":\"Globe Cecil\",\"description\":\"H\u00f4tel 4 \u00e9toiles \u00e0 Lyon\",\"publisher\":{\"@id\":\"https:\/\/preprod.lesaubergisteslyonnais.customr.fr\/en\/#organization\"},\"potentialAction\":[{\"@type\":\"SearchAction\",\"target\":{\"@type\":\"EntryPoint\",\"urlTemplate\":\"https:\/\/preprod.lesaubergisteslyonnais.customr.fr\/en\/?s={search_term_string}\"},\"query-input\":{\"@type\":\"PropertyValueSpecification\",\"valueRequired\":true,\"valueName\":\"search_term_string\"}}],\"inLanguage\":\"en-US\"},{\"@type\":\"Organization\",\"@id\":\"https:\/\/preprod.lesaubergisteslyonnais.customr.fr\/en\/#organization\",\"name\":\"Globe Cecil\",\"url\":\"https:\/\/preprod.lesaubergisteslyonnais.customr.fr\/en\/\",\"logo\":{\"@type\":\"ImageObject\",\"inLanguage\":\"en-US\",\"@id\":\"https:\/\/preprod.lesaubergisteslyonnais.customr.fr\/en\/#\/schema\/logo\/image\/\",\"url\":\"https:\/\/preprod.lesaubergisteslyonnais.customr.fr\/wp-content\/uploads\/2025\/05\/LOGO-Aubergistes-Lyonnais-White.svg\",\"contentUrl\":\"https:\/\/preprod.lesaubergisteslyonnais.customr.fr\/wp-content\/uploads\/2025\/05\/LOGO-Aubergistes-Lyonnais-White.svg\",\"width\":558,\"height\":127,\"caption\":\"Globe Cecil\"},\"image\":{\"@id\":\"https:\/\/preprod.lesaubergisteslyonnais.customr.fr\/en\/#\/schema\/logo\/image\/\"}}]}<\/script>\n<!-- \/ Yoast SEO plugin. -->","yoast_head_json":{"title":"Mentions l\u00e9gales-en - Les Aubergistes Lyonnais","robots":{"index":"noindex","follow":"follow"},"og_locale":"en_US","og_type":"article","og_title":"Mentions l\u00e9gales-en - Les Aubergistes Lyonnais","og_url":"https:\/\/preprod.lesaubergisteslyonnais.customr.fr\/en\/full-marks\/","og_site_name":"Les Aubergistes Lyonnais","article_modified_time":"2025-06-06T11:52:25+00:00","twitter_card":"summary_large_image","twitter_misc":{"Est. reading time":"4 minutes"},"schema":{"@context":"https:\/\/schema.org","@graph":[{"@type":"WebPage","@id":"https:\/\/preprod.lesaubergisteslyonnais.customr.fr\/en\/full-marks\/","url":"https:\/\/preprod.lesaubergisteslyonnais.customr.fr\/en\/full-marks\/","name":"Mentions l\u00e9gales-en - Les Aubergistes Lyonnais","isPartOf":{"@id":"https:\/\/preprod.lesaubergisteslyonnais.customr.fr\/en\/#website"},"datePublished":"2025-04-16T15:40:08+00:00","dateModified":"2025-06-06T11:52:25+00:00","breadcrumb":{"@id":"https:\/\/preprod.lesaubergisteslyonnais.customr.fr\/en\/full-marks\/#breadcrumb"},"inLanguage":"en-US","potentialAction":[{"@type":"ReadAction","target":["https:\/\/preprod.lesaubergisteslyonnais.customr.fr\/en\/full-marks\/"]}]},{"@type":"BreadcrumbList","@id":"https:\/\/preprod.lesaubergisteslyonnais.customr.fr\/en\/full-marks\/#breadcrumb","itemListElement":[{"@type":"ListItem","position":1,"name":"Accueil","item":"https:\/\/preprod.lesaubergisteslyonnais.customr.fr\/en\/"},{"@type":"ListItem","position":2,"name":"Mentions l\u00e9gales-en"}]},{"@type":"WebSite","@id":"https:\/\/preprod.lesaubergisteslyonnais.customr.fr\/en\/#website","url":"https:\/\/preprod.lesaubergisteslyonnais.customr.fr\/en\/","name":"Globe Cecil","description":"H\u00f4tel 4 \u00e9toiles \u00e0 Lyon","publisher":{"@id":"https:\/\/preprod.lesaubergisteslyonnais.customr.fr\/en\/#organization"},"potentialAction":[{"@type":"SearchAction","target":{"@type":"EntryPoint","urlTemplate":"https:\/\/preprod.lesaubergisteslyonnais.customr.fr\/en\/?s={search_term_string}"},"query-input":{"@type":"PropertyValueSpecification","valueRequired":true,"valueName":"search_term_string"}}],"inLanguage":"en-US"},{"@type":"Organization","@id":"https:\/\/preprod.lesaubergisteslyonnais.customr.fr\/en\/#organization","name":"Globe Cecil","url":"https:\/\/preprod.lesaubergisteslyonnais.customr.fr\/en\/","logo":{"@type":"ImageObject","inLanguage":"en-US","@id":"https:\/\/preprod.lesaubergisteslyonnais.customr.fr\/en\/#\/schema\/logo\/image\/","url":"https:\/\/preprod.lesaubergisteslyonnais.customr.fr\/wp-content\/uploads\/2025\/05\/LOGO-Aubergistes-Lyonnais-White.svg","contentUrl":"https:\/\/preprod.lesaubergisteslyonnais.customr.fr\/wp-content\/uploads\/2025\/05\/LOGO-Aubergistes-Lyonnais-White.svg","width":558,"height":127,"caption":"Globe Cecil"},"image":{"@id":"https:\/\/preprod.lesaubergisteslyonnais.customr.fr\/en\/#\/schema\/logo\/image\/"}}]}},"_links":{"self":[{"href":"https:\/\/preprod.lesaubergisteslyonnais.customr.fr\/en\/wp-json\/wp\/v2\/pages\/1832","targetHints":{"allow":["GET"]}}],"collection":[{"href":"https:\/\/preprod.lesaubergisteslyonnais.customr.fr\/en\/wp-json\/wp\/v2\/pages"}],"about":[{"href":"https:\/\/preprod.lesaubergisteslyonnais.customr.fr\/en\/wp-json\/wp\/v2\/types\/page"}],"author":[{"embeddable":true,"href":"https:\/\/preprod.lesaubergisteslyonnais.customr.fr\/en\/wp-json\/wp\/v2\/users\/2"}],"replies":[{"embeddable":true,"href":"https:\/\/preprod.lesaubergisteslyonnais.customr.fr\/en\/wp-json\/wp\/v2\/comments?post=1832"}],"version-history":[{"count":5,"href":"https:\/\/preprod.lesaubergisteslyonnais.customr.fr\/en\/wp-json\/wp\/v2\/pages\/1832\/revisions"}],"predecessor-version":[{"id":7353,"href":"https:\/\/preprod.lesaubergisteslyonnais.customr.fr\/en\/wp-json\/wp\/v2\/pages\/1832\/revisions\/7353"}],"wp:attachment":[{"href":"https:\/\/preprod.lesaubergisteslyonnais.customr.fr\/en\/wp-json\/wp\/v2\/media?parent=1832"}],"curies":[{"name":"wp","href":"https:\/\/api.w.org\/{rel}","templated":true}]}}